{"id":786,"date":"2024-08-05T10:21:27","date_gmt":"2024-08-05T10:21:27","guid":{"rendered":"https:\/\/menorcawatertaxi.com\/accessibilite\/"},"modified":"2024-08-05T10:21:27","modified_gmt":"2024-08-05T10:21:27","slug":"accessibilite","status":"publish","type":"page","link":"https:\/\/menorcawatertaxi.com\/fr\/accessibilite\/","title":{"rendered":"Accessibilit\u00e9"},"content":{"rendered":"\n[et_pb_section fb_built=\u00a0\u00bb1&Prime; _builder_version=\u00a0\u00bb4.27.0&Prime; _module_preset=\u00a0\u00bbdefault\u00a0\u00bb global_colors_info=\u00a0\u00bb{}\u00a0\u00bb theme_builder_area=\u00a0\u00bbpost_content\u00a0\u00bb][et_pb_row _builder_version=\u00a0\u00bb4.27.0&Prime; _module_preset=\u00a0\u00bbdefault\u00a0\u00bb global_colors_info=\u00a0\u00bb{}\u00a0\u00bb theme_builder_area=\u00a0\u00bbpost_content\u00a0\u00bb][et_pb_column type=\u00a0\u00bb4_4&Prime; _builder_version=\u00a0\u00bb4.27.0&Prime; _module_preset=\u00a0\u00bbdefault\u00a0\u00bb global_colors_info=\u00a0\u00bb{}\u00a0\u00bb theme_builder_area=\u00a0\u00bbpost_content\u00a0\u00bb][et_pb_text _builder_version=\u00a0\u00bb4.27.0&Prime; _module_preset=\u00a0\u00bbdefault\u00a0\u00bb header_font=\u00a0\u00bbDM Sans||||||||\u00a0\u00bb header_text_align=\u00a0\u00bbcenter\u00a0\u00bb header_font_size=\u00a0\u00bb36px\u00a0\u00bb hover_enabled=\u00a0\u00bb0&Prime; global_colors_info=\u00a0\u00bb{}\u00a0\u00bb theme_builder_area=\u00a0\u00bbpost_content\u00a0\u00bb sticky_enabled=\u00a0\u00bb0&Prime;]<h1>D\u00e9claration d\u2019accessibilit\u00e9<\/h1>[\/et_pb_text][et_pb_text _builder_version=\u00a0\u00bb4.27.0&Prime; _module_preset=\u00a0\u00bbdefault\u00a0\u00bb text_font=\u00a0\u00bbDM Sans||||||||\u00a0\u00bb hover_enabled=\u00a0\u00bb0&Prime; global_colors_info=\u00a0\u00bb{}\u00a0\u00bb theme_builder_area=\u00a0\u00bbpost_content\u00a0\u00bb sticky_enabled=\u00a0\u00bb0&Prime;]<p>watertaximahon.com s\u2019est engag\u00e9 \u00e0 rendre son site web accessible, conform\u00e9ment au D\u00e9cret royal 1112\/2018 du 7 septembre, relatif \u00e0 l\u2019accessibilit\u00e9 des sites web et des applications pour appareils mobiles du secteur public (ci-apr\u00e8s, D\u00e9cret royal 1112\/2018 du 7 septembre).<\/p>\n<p>La pr\u00e9sente d\u00e9claration d\u2019accessibilit\u00e9 s\u2019applique \u00e0<span> <\/span><strong>watertaximahon.com<\/strong><\/p>\n<p><strong><\/strong><\/p>\n<p><strong>\u00c9TAT DE CONFORMIT\u00c9<\/strong><\/p>\n<p>Ce site web est partiellement conforme au D\u00e9cret royal 1112\/2018 du 7 septembre, en raison des exceptions et du non-respect des aspects indiqu\u00e9s ci-dessous.<\/p>\n<p>&nbsp;<\/p>\n<p><strong>CONTENU NON ACCESSIBLE<\/strong><\/p>\n<p>Le contenu indiqu\u00e9 ci-dessous n\u2019est pas accessible pour les raisons suivantes :<\/p>\n<p>Non-conformit\u00e9 au D\u00e9cret royal 1112\/2018 du 7 septembre : il pourrait exister plusieurs erreurs d\u2019\u00e9dition sur certaines pages web, tant dans les contenus HTML que dans les documents finaux, publi\u00e9s apr\u00e8s le 20 septembre 2018.<\/p>\n<p>Charge disproportionn\u00e9e : non applicable.<\/p>\n<p>Le contenu n\u2019entre pas dans le champ d\u2019application de la l\u00e9gislation applicable : il pourrait exister des fichiers bureautiques en PDF ou dans d\u2019autres formats publi\u00e9s avant le 20 septembre 2018 qui ne respectent pas enti\u00e8rement les exigences d\u2019accessibilit\u00e9.<\/p>\n<p>&nbsp;<\/p>\n<p><strong>OBSERVATIONS ET COORDONN\u00c9ES<br>COMMUNICATIONS<\/strong><\/p>\n<p>Vous pouvez effectuer des communications concernant les exigences d\u2019accessibilit\u00e9 (article 10.2.a du D\u00e9cret royal 112\/2018 du 7 septembre) via la <a title=\"bo\u00eete de contact\" href=\"https:\/\/menorcawatertaxi.com\/contacto\/\" role=\"link\">bo\u00eete de contact<\/a> suivante.<\/p>\n<p>Par exemple :<\/p>\n<ul>\n<li>Signaler tout \u00e9ventuel manquement de ce site web.<\/li>\n<li>Signaler d\u2019autres difficult\u00e9s d\u2019acc\u00e8s au contenu.<\/li>\n<li>Formuler toute autre demande ou suggestion d\u2019am\u00e9lioration relative \u00e0 l\u2019accessibilit\u00e9 du site web.<\/li>\n<\/ul>\n<p>Les communications seront re\u00e7ues et transmises par la Direction g\u00e9n\u00e9rale des services num\u00e9riques et de l\u2019exp\u00e9rience citoyenne, du D\u00e9partement de la Vice-pr\u00e9sidence et des Politiques num\u00e9riques et du Territoire, en tant qu\u2019Unit\u00e9 responsable de l\u2019accessibilit\u00e9 web au niveau r\u00e9gional.<\/p>\n<p>&nbsp;<\/p>\n<p><strong>DEMANDES D\u2019INFORMATIONS ACCESSIBLES ET R\u00c9CLAMATIONS<\/strong><\/p>\n<p>Pour effectuer des demandes d\u2019informations accessibles et des r\u00e9clamations (article 12 du D\u00e9cret royal 1112\/2017 du 7 septembre), vous devez acc\u00e9der \u00e0 \u00ab <a title=\"Contact\" href=\"https:\/\/menorcawatertaxi.com\/contacto\/\" role=\"link\">Contact<\/a> \u00bb et \u00e9crire un message avec le texte \u00ab Demander une information accessible ou d\u00e9poser une r\u00e9clamation \u00bb.<\/p>\n<p>Toute personne physique ou morale peut d\u00e9poser des r\u00e9clamations relatives au respect des exigences du D\u00e9cret royal 1112\/2018 du 7 septembre, et demander des informations relatives \u00e0 des contenus exclus du champ d\u2019application de cette r\u00e9glementation.<\/p>\n<p>Les demandes et r\u00e9clamations sont enregistr\u00e9es conform\u00e9ment aux exigences \u00e9tablies par la Loi 39\/2015 du 1er octobre, relative \u00e0 la proc\u00e9dure administrative commune des administrations publiques.<\/p>\n<p>&nbsp;<\/p>\n<p><strong>PROC\u00c9DURE D\u2019APPLICATION<\/strong><\/p>\n<p>La proc\u00e9dure d\u2019application pr\u00e9vue \u00e0 l\u2019article 13 du D\u00e9cret royal 1112\/2018 du 7 septembre peut \u00eatre initi\u00e9e via la d\u00e9marche \u00ab <a title=\"Contact\" href=\"https:\/\/menorcawatertaxi.com\/contacto\/\" role=\"link\">Contact<\/a> \u00bb au moyen d\u2019un message contenant le texte \u00ab Contester une demande \u00bb.<\/p>\n<p>Si, apr\u00e8s avoir effectu\u00e9 une demande d\u2019information accessible ou une r\u00e9clamation, celle-ci a \u00e9t\u00e9 rejet\u00e9e, si vous n\u2019\u00eates pas d\u2019accord avec la d\u00e9cision adopt\u00e9e ou si la r\u00e9ponse ne respecte pas les exigences de l\u2019article 15.2 du D\u00e9cret royal 1112\/2018 du 7 septembre, vous pouvez introduire une r\u00e9clamation pour :<\/p>\n<ul>\n<li style=\"list-style-type: none;\">\n<ul>\n<li>Conna\u00eetre les motifs du rejet et vous y opposer.<\/li>\n<li>Demander l\u2019adoption des mesures appropri\u00e9es si vous n\u2019\u00eates pas d\u2019accord avec la d\u00e9cision adopt\u00e9e.<\/li>\n<li>Exposer les raisons pour lesquelles vous estimez que la r\u00e9ponse ne respecte pas les exigences requises.<\/li>\n<\/ul>\n<\/li>\n<\/ul>[\/et_pb_text][\/et_pb_column][\/et_pb_row][\/et_pb_section]\n","protected":false},"excerpt":{"rendered":"<p>D\u00e9claration d\u2019accessibilit\u00e9watertaximahon.com s\u2019est engag\u00e9 \u00e0 rendre son site web accessible, conform\u00e9ment au D\u00e9cret royal 1112\/2018 du 7 septembre, relatif \u00e0 l\u2019accessibilit\u00e9 des sites web et des applications pour appareils mobiles du secteur public (ci-apr\u00e8s, D\u00e9cret royal 1112\/2018 du 7 septembre). La pr\u00e9sente d\u00e9claration d\u2019accessibilit\u00e9 s\u2019applique \u00e0 watertaximahon.com \u00c9TAT DE CONFORMIT\u00c9 Ce site web est partiellement [&hellip;]<\/p>\n","protected":false},"author":1,"featured_media":0,"parent":0,"menu_order":0,"comment_status":"closed","ping_status":"closed","template":"","meta":{"_et_pb_use_builder":"on","_et_pb_old_content":"","_et_gb_content_width":"","footnotes":""},"class_list":["post-786","page","type-page","status-publish","hentry"],"yoast_head":"<!-- This site is optimized with the Yoast SEO plugin v27.4 - https:\/\/yoast.com\/product\/yoast-seo-wordpress\/ -->\n<title>D\u00e9claration d\u2019accessibilit\u00e9 | Menorca Water Taxi<\/title>\n<meta name=\"description\" content=\"D\u00e9couvrez comment Menorca Water Taxi veille \u00e0 ce que son site web soit accessible \u00e0 tous les utilisateurs, conform\u00e9ment \u00e0 la r\u00e9glementation en vigueur.\" \/>\n<meta name=\"robots\" content=\"index, follow, max-snippet:-1, max-image-preview:large, max-video-preview:-1\" \/>\n<link rel=\"canonical\" href=\"https:\/\/menorcawatertaxi.com\/fr\/accessibilite\/\" \/>\n<meta property=\"og:locale\" content=\"fr_FR\" \/>\n<meta property=\"og:type\" content=\"article\" \/>\n<meta property=\"og:title\" content=\"D\u00e9claration d\u2019accessibilit\u00e9 | Menorca Water Taxi\" \/>\n<meta property=\"og:description\" content=\"D\u00e9couvrez comment Menorca Water Taxi veille \u00e0 ce que son site web soit accessible \u00e0 tous les utilisateurs, conform\u00e9ment \u00e0 la r\u00e9glementation en vigueur.\" \/>\n<meta property=\"og:url\" content=\"https:\/\/menorcawatertaxi.com\/fr\/accessibilite\/\" \/>\n<meta property=\"og:site_name\" content=\"Menorca Water Taxi\" \/>\n<meta name=\"twitter:card\" content=\"summary_large_image\" \/>\n<meta name=\"twitter:label1\" content=\"Dur\u00e9e de lecture estim\u00e9e\" \/>\n\t<meta name=\"twitter:data1\" content=\"3 minutes\" \/>\n<script type=\"application\/ld+json\" class=\"yoast-schema-graph\">{\"@context\":\"https:\\\/\\\/schema.org\",\"@graph\":[{\"@type\":\"WebPage\",\"@id\":\"https:\\\/\\\/menorcawatertaxi.com\\\/fr\\\/accessibilite\\\/\",\"url\":\"https:\\\/\\\/menorcawatertaxi.com\\\/fr\\\/accessibilite\\\/\",\"name\":\"D\u00e9claration d\u2019accessibilit\u00e9 | Menorca Water Taxi\",\"isPartOf\":{\"@id\":\"https:\\\/\\\/menorcawatertaxi.com\\\/#website\"},\"datePublished\":\"2024-08-05T10:21:27+00:00\",\"description\":\"D\u00e9couvrez comment Menorca Water Taxi veille \u00e0 ce que son site web soit accessible \u00e0 tous les utilisateurs, conform\u00e9ment \u00e0 la r\u00e9glementation en vigueur.\",\"breadcrumb\":{\"@id\":\"https:\\\/\\\/menorcawatertaxi.com\\\/fr\\\/accessibilite\\\/#breadcrumb\"},\"inLanguage\":\"fr-FR\",\"potentialAction\":[{\"@type\":\"ReadAction\",\"target\":[\"https:\\\/\\\/menorcawatertaxi.com\\\/fr\\\/accessibilite\\\/\"]}]},{\"@type\":\"BreadcrumbList\",\"@id\":\"https:\\\/\\\/menorcawatertaxi.com\\\/fr\\\/accessibilite\\\/#breadcrumb\",\"itemListElement\":[{\"@type\":\"ListItem\",\"position\":1,\"name\":\"Portada\",\"item\":\"https:\\\/\\\/menorcawatertaxi.com\\\/fr\\\/accueil\\\/\"},{\"@type\":\"ListItem\",\"position\":2,\"name\":\"Accessibilit\u00e9\"}]},{\"@type\":\"WebSite\",\"@id\":\"https:\\\/\\\/menorcawatertaxi.com\\\/#website\",\"url\":\"https:\\\/\\\/menorcawatertaxi.com\\\/\",\"name\":\"Menorca Water Taxi\",\"description\":\"Servicio de trasnlado desde el puerto de Mahon\",\"potentialAction\":[{\"@type\":\"SearchAction\",\"target\":{\"@type\":\"EntryPoint\",\"urlTemplate\":\"https:\\\/\\\/menorcawatertaxi.com\\\/?s={search_term_string}\"},\"query-input\":{\"@type\":\"PropertyValueSpecification\",\"valueRequired\":true,\"valueName\":\"search_term_string\"}}],\"inLanguage\":\"fr-FR\"}]}<\/script>\n<!-- \/ Yoast SEO plugin. -->","yoast_head_json":{"title":"D\u00e9claration d\u2019accessibilit\u00e9 | Menorca Water Taxi","description":"D\u00e9couvrez comment Menorca Water Taxi veille \u00e0 ce que son site web soit accessible \u00e0 tous les utilisateurs, conform\u00e9ment \u00e0 la r\u00e9glementation en vigueur.","robots":{"index":"index","follow":"follow","max-snippet":"max-snippet:-1","max-image-preview":"max-image-preview:large","max-video-preview":"max-video-preview:-1"},"canonical":"https:\/\/menorcawatertaxi.com\/fr\/accessibilite\/","og_locale":"fr_FR","og_type":"article","og_title":"D\u00e9claration d\u2019accessibilit\u00e9 | Menorca Water Taxi","og_description":"D\u00e9couvrez comment Menorca Water Taxi veille \u00e0 ce que son site web soit accessible \u00e0 tous les utilisateurs, conform\u00e9ment \u00e0 la r\u00e9glementation en vigueur.","og_url":"https:\/\/menorcawatertaxi.com\/fr\/accessibilite\/","og_site_name":"Menorca Water Taxi","twitter_card":"summary_large_image","twitter_misc":{"Dur\u00e9e de lecture estim\u00e9e":"3 minutes"},"schema":{"@context":"https:\/\/schema.org","@graph":[{"@type":"WebPage","@id":"https:\/\/menorcawatertaxi.com\/fr\/accessibilite\/","url":"https:\/\/menorcawatertaxi.com\/fr\/accessibilite\/","name":"D\u00e9claration d\u2019accessibilit\u00e9 | Menorca Water Taxi","isPartOf":{"@id":"https:\/\/menorcawatertaxi.com\/#website"},"datePublished":"2024-08-05T10:21:27+00:00","description":"D\u00e9couvrez comment Menorca Water Taxi veille \u00e0 ce que son site web soit accessible \u00e0 tous les utilisateurs, conform\u00e9ment \u00e0 la r\u00e9glementation en vigueur.","breadcrumb":{"@id":"https:\/\/menorcawatertaxi.com\/fr\/accessibilite\/#breadcrumb"},"inLanguage":"fr-FR","potentialAction":[{"@type":"ReadAction","target":["https:\/\/menorcawatertaxi.com\/fr\/accessibilite\/"]}]},{"@type":"BreadcrumbList","@id":"https:\/\/menorcawatertaxi.com\/fr\/accessibilite\/#breadcrumb","itemListElement":[{"@type":"ListItem","position":1,"name":"Portada","item":"https:\/\/menorcawatertaxi.com\/fr\/accueil\/"},{"@type":"ListItem","position":2,"name":"Accessibilit\u00e9"}]},{"@type":"WebSite","@id":"https:\/\/menorcawatertaxi.com\/#website","url":"https:\/\/menorcawatertaxi.com\/","name":"Menorca Water Taxi","description":"Servicio de trasnlado desde el puerto de Mahon","potentialAction":[{"@type":"SearchAction","target":{"@type":"EntryPoint","urlTemplate":"https:\/\/menorcawatertaxi.com\/?s={search_term_string}"},"query-input":{"@type":"PropertyValueSpecification","valueRequired":true,"valueName":"search_term_string"}}],"inLanguage":"fr-FR"}]}},"_links":{"self":[{"href":"https:\/\/menorcawatertaxi.com\/fr\/wp-json\/wp\/v2\/pages\/786","targetHints":{"allow":["GET"]}}],"collection":[{"href":"https:\/\/menorcawatertaxi.com\/fr\/wp-json\/wp\/v2\/pages"}],"about":[{"href":"https:\/\/menorcawatertaxi.com\/fr\/wp-json\/wp\/v2\/types\/page"}],"author":[{"embeddable":true,"href":"https:\/\/menorcawatertaxi.com\/fr\/wp-json\/wp\/v2\/users\/1"}],"replies":[{"embeddable":true,"href":"https:\/\/menorcawatertaxi.com\/fr\/wp-json\/wp\/v2\/comments?post=786"}],"version-history":[{"count":0,"href":"https:\/\/menorcawatertaxi.com\/fr\/wp-json\/wp\/v2\/pages\/786\/revisions"}],"wp:attachment":[{"href":"https:\/\/menorcawatertaxi.com\/fr\/wp-json\/wp\/v2\/media?parent=786"}],"curies":[{"name":"wp","href":"https:\/\/api.w.org\/{rel}","templated":true}]}}