{"id":796,"date":"2024-08-01T11:58:34","date_gmt":"2024-08-01T11:58:34","guid":{"rendered":"https:\/\/menorcawatertaxi.com\/avis-juridique\/"},"modified":"2026-04-22T14:33:13","modified_gmt":"2026-04-22T14:33:13","slug":"avis-juridique","status":"publish","type":"page","link":"https:\/\/menorcawatertaxi.com\/fr\/avis-juridique\/","title":{"rendered":"Avis juridique"},"content":{"rendered":"\n[et_pb_section fb_built=\u00a0\u00bb1&Prime; _builder_version=\u00a0\u00bb4.27.0&Prime; _module_preset=\u00a0\u00bbdefault\u00a0\u00bb global_colors_info=\u00a0\u00bb{}\u00a0\u00bb theme_builder_area=\u00a0\u00bbpost_content\u00a0\u00bb][et_pb_row _builder_version=\u00a0\u00bb4.27.0&Prime; _module_preset=\u00a0\u00bbdefault\u00a0\u00bb global_colors_info=\u00a0\u00bb{}\u00a0\u00bb theme_builder_area=\u00a0\u00bbpost_content\u00a0\u00bb][et_pb_column type=\u00a0\u00bb4_4&Prime; _builder_version=\u00a0\u00bb4.27.0&Prime; _module_preset=\u00a0\u00bbdefault\u00a0\u00bb global_colors_info=\u00a0\u00bb{}\u00a0\u00bb theme_builder_area=\u00a0\u00bbpost_content\u00a0\u00bb][et_pb_text _builder_version=\u00a0\u00bb4.27.0&Prime; _module_preset=\u00a0\u00bbdefault\u00a0\u00bb header_font=\u00a0\u00bbDM Sans||||||||\u00a0\u00bb header_text_align=\u00a0\u00bbcenter\u00a0\u00bb header_font_size=\u00a0\u00bb36px\u00a0\u00bb hover_enabled=\u00a0\u00bb0&Prime; global_colors_info=\u00a0\u00bb{}\u00a0\u00bb theme_builder_area=\u00a0\u00bbpost_content\u00a0\u00bb sticky_enabled=\u00a0\u00bb0&Prime;]<h1>Avis juridique<\/h1>[\/et_pb_text][et_pb_text _builder_version=\u00a0\u00bb4.27.0&Prime; _module_preset=\u00a0\u00bbdefault\u00a0\u00bb text_font=\u00a0\u00bbDM Sans||||||||\u00a0\u00bb hover_enabled=\u00a0\u00bb0&Prime; global_colors_info=\u00a0\u00bb{}\u00a0\u00bb theme_builder_area=\u00a0\u00bbpost_content\u00a0\u00bb sticky_enabled=\u00a0\u00bb0&Prime;]<ol>\n<li><strong>Propri\u00e9t\u00e9 :<\/strong><\/li>\n<\/ol>\n<p>Conform\u00e9ment \u00e0 la loi 34\/2002 sur les services de la soci\u00e9t\u00e9 de l&rsquo;information et le commerce \u00e9lectronique (LSSICE), nous vous informons que le propri\u00e9taire du domaine www.menorcawatertaxi.com correspond \u00e0 Menorca Mar Charter &#8211; CIF B87580833 avec domicile fiscal \u00e0 Moll Llevant 96, 0771 Mah\u00f3n et si\u00e8ge social \u00e0 Gerifalte 122, 28232 Las Rozas, Madrid.<\/p>\n<p>Pour que l&rsquo;utilisateur du site Web puisse contacter www.menorcawatertaxi.com, il dispose de l&rsquo;adresse \u00e9lectronique suivante : info@menorcawatertaxi.com et du num\u00e9ro de t\u00e9l\u00e9phone 606501111.<\/p>\n<p>Il est de la seule responsabilit\u00e9 de l&rsquo;utilisateur de conna\u00eetre et de respecter, dans le cadre de l&rsquo;utilisation du site web, de son mat\u00e9riel et de son contenu, toutes les lois et dispositions applicables, ainsi que de lire l&rsquo;avis juridique et la politique de confidentialit\u00e9 avant d&rsquo;acc\u00e9der au site web et de l&rsquo;utiliser. Il vous incombe \u00e9galement de revoir p\u00e9riodiquement les conditions d&rsquo;utilisation et la politique de confidentialit\u00e9, dans l&rsquo;\u00e9ventualit\u00e9 o\u00f9 www.menorcawatertaxi.com aurait introduit, le cas \u00e9ch\u00e9ant, des modifications \u00e0 ces derni\u00e8res. <\/p>\n<p>L&rsquo;utilisation de ce site web implique l&rsquo;acceptation par l&rsquo;utilisateur de toutes les conditions g\u00e9n\u00e9rales incluses dans le pr\u00e9sent avis juridique et son accord avec la politique de confidentialit\u00e9. Si l&rsquo;utilisateur n&rsquo;accepte pas de se conformer aux termes et conditions de l&rsquo;avis juridique, il ne doit pas utiliser le site web. <\/p>\n<p>&nbsp;<\/p>\n<ol start=\"2\">\n<li><strong>Droit \u00e0 l&rsquo;information :<\/strong><\/li>\n<\/ol>\n<p>Menorca WATER TAXI &#8211; CIF B87580833, garantit la protection de toutes les donn\u00e9es personnelles fournies par l&rsquo;utilisateur sur le site Web www.menorcawatertaxi.com et, conform\u00e9ment aux dispositions de la loi organique 15\/1999, du 13 d\u00e9cembre, sur la protection des donn\u00e9es personnelles, au RD 1720\/2007, du 21 d\u00e9cembre, et \u00e0 d&rsquo;autres r\u00e9glementations applicables, vous informe que :<\/p>\n<ul>\n<li>Les donn\u00e9es personnelles fournies seront trait\u00e9es conform\u00e9ment \u00e0 la Loi Organique 15\/1999 du 13 d\u00e9cembre sur la Protection des Donn\u00e9es \u00e0 Caract\u00e8re Personnel et au RD 1720\/2007 du 21 d\u00e9cembre et seront incluses dans le fichier CLIENTS, cr\u00e9\u00e9 et maintenu sous la responsabilit\u00e9 de Menorca WATER TAXI &#8211; CIF B87580833. Ce fichier a \u00e9t\u00e9 d\u00fbment enregistr\u00e9 aupr\u00e8s de l&rsquo;Agence espagnole de protection des donn\u00e9es.<\/li>\n<li>Les donn\u00e9es sont collect\u00e9es pour les finalit\u00e9s suivantes : gestion de la client\u00e8le, comptable, fiscale et administrative ; publicit\u00e9 et prospection commerciale ; analyse de profil et commerce \u00e9lectronique.<\/li>\n<\/ul>\n<p>Menorca WATER TAXI &#8211; CIF B87580833, responsable du fichier, s&rsquo;engage \u00e0 ne pas utiliser les donn\u00e9es \u00e0 des fins autres que celles pour lesquelles elles ont \u00e9t\u00e9 collect\u00e9es et \u00e0 ne pas les c\u00e9der de mani\u00e8re ill\u00e9gitime \u00e0 des tiers. Il s&rsquo;engage \u00e9galement \u00e0 traiter vos donn\u00e9es de mani\u00e8re confidentielle et \u00e0 appliquer les mesures techniques, organisationnelles et de s\u00e9curit\u00e9 n\u00e9cessaires pour \u00e9viter leur traitement ou leur acc\u00e8s non autoris\u00e9, conform\u00e9ment \u00e0 la r\u00e9glementation en vigueur en mati\u00e8re de protection des donn\u00e9es, ainsi qu&rsquo;\u00e0 imposer les obligations relatives au traitement des donn\u00e9es et \u00e0 la confidentialit\u00e9 au personnel charg\u00e9 de la prestation du service.<\/p>\n<p>&nbsp;<\/p>\n<p>Lors de la collecte et du traitement des donn\u00e9es personnelles, des mesures de s\u00e9curit\u00e9 appropri\u00e9es ont \u00e9t\u00e9 adopt\u00e9es pour \u00e9viter la perte, l&rsquo;acc\u00e8s non autoris\u00e9 ou la manipulation, conform\u00e9ment aux dispositions du d\u00e9cret royal 1720\/2007 du 21 d\u00e9cembre 2007 et de la loi sur la protection des donn\u00e9es.<\/p>\n<p>&nbsp;<\/p>\n<ol start=\"3\">\n<li><strong>Consentement :<\/strong><\/li>\n<\/ol>\n<p>L&rsquo;envoi de donn\u00e9es personnelles, \u00e0 travers l&rsquo;utilisation des formulaires \u00e9lectroniques du site www.menorcawatertaxi.com ou, le cas \u00e9ch\u00e9ant, de messages \u00e9lectroniques, implique le consentement expr\u00e8s de l&rsquo;exp\u00e9diteur au traitement automatis\u00e9 des donn\u00e9es incluses dans les moyens de communication indiqu\u00e9s, aux fins d\u00e9crites ci-dessus ainsi qu&rsquo;\u00e0 l&rsquo;envoi de communications \u00e9lectroniques d&rsquo;information sur les services fournis. De m\u00eame, en remplissant les formulaires, l&rsquo;utilisateur reconna\u00eet qu&rsquo;il a plus de 14 ans et qu&rsquo;il a donc la capacit\u00e9 juridique n\u00e9cessaire pour donner son accord au traitement de ses donn\u00e9es personnelles, conform\u00e9ment aux dispositions de la pr\u00e9sente politique de confidentialit\u00e9. <\/p>\n<p>Il est signal\u00e9 que les donn\u00e9es personnelles relatives au client, ainsi que les contrats et les donn\u00e9es de commande seront conserv\u00e9es le moins longtemps possible par Menorca WATER TAXI &#8211; CIF B87580833 pour r\u00e9pondre aux obligations fiscales et \u00e0 la garantie des produits, \u00e9tant enregistr\u00e9es pour une p\u00e9riode de 4 ans, et \u00e9tant toujours soumises au droit d&rsquo;acc\u00e8s, d&rsquo;opposition, de modification et d&rsquo;annulation de l&rsquo;utilisateur.<\/p>\n<p>&nbsp;<\/p>\n<ol start=\"4\">\n<li><strong>Droits d&rsquo;acc\u00e8s, de rectification, d&rsquo;opposition et d&rsquo;annulation des utilisateurs :<\/strong><\/li>\n<\/ol>\n<p>Les personnes concern\u00e9es disposent d&rsquo;un droit d&rsquo;acc\u00e8s, de rectification, d&rsquo;annulation et d&rsquo;opposition de leurs donn\u00e9es personnelles ou des donn\u00e9es relatives \u00e0 l&rsquo;information, aux commandes et aux contacts de toute nature, ainsi que du droit de r\u00e9voquer le consentement \u00e0 l&rsquo;une des fins susmentionn\u00e9es. Pour exercer ces droits, les personnes concern\u00e9es peuvent envoyer une demande \u00e9crite par courrier \u00e0 Moll Llevant 96, 0771 Mah\u00f3n, ou en contactant info@menorcawatertaxi.com, en joignant dans les deux cas une photocopie de leur DNI\/NIF ou du document accr\u00e9ditant leur identit\u00e9. <\/p>\n<p>Les utilisateurs sont responsables dans tous les cas de la v\u00e9racit\u00e9 des donn\u00e9es fournies, et l&rsquo;entreprise se r\u00e9serve le droit d&rsquo;exclure des services enregistr\u00e9s tout utilisateur ayant fourni des donn\u00e9es fausses ou erron\u00e9es, sans pr\u00e9judice de toute autre action applicable en vertu de la loi.<\/p>\n<p>&nbsp;<\/p>\n<p>La pr\u00e9sente politique de confidentialit\u00e9 peut \u00eatre modifi\u00e9e en stricte conformit\u00e9 avec les \u00e9ventuels changements l\u00e9gislatifs qui pourraient survenir, ainsi qu&rsquo;avec les lignes directrices \u00e9mises par l&rsquo;Agence espagnole de protection des donn\u00e9es.<\/p>[\/et_pb_text][\/et_pb_column][\/et_pb_row][\/et_pb_section]\n","protected":false},"excerpt":{"rendered":"<p>Avis juridique Propri\u00e9t\u00e9 : Conform\u00e9ment \u00e0 la loi 34\/2002 sur les services de la soci\u00e9t\u00e9 de l&rsquo;information et le commerce \u00e9lectronique (LSSICE), nous vous informons que le propri\u00e9taire du domaine www.menorcawatertaxi.com correspond \u00e0 Menorca Mar Charter &#8211; CIF B87580833 avec domicile fiscal \u00e0 Moll Llevant 96, 0771 Mah\u00f3n et si\u00e8ge social \u00e0 Gerifalte 122, 28232 [&hellip;]<\/p>\n","protected":false},"author":1,"featured_media":0,"parent":0,"menu_order":0,"comment_status":"closed","ping_status":"closed","template":"","meta":{"_et_pb_use_builder":"on","_et_pb_old_content":"","_et_gb_content_width":"","footnotes":""},"class_list":["post-796","page","type-page","status-publish","hentry"],"yoast_head":"<!-- This site is optimized with the Yoast SEO plugin v27.4 - https:\/\/yoast.com\/product\/yoast-seo-wordpress\/ -->\n<title>Avis juridique - Menorca Water Taxi<\/title>\n<meta name=\"description\" content=\"Lisez nos mentions l\u00e9gales pour obtenir des informations sur l&#039;utilisation du site web, la protection des donn\u00e9es et les r\u00e9glementations applicables. Transparence garantie.\" \/>\n<meta name=\"robots\" content=\"index, follow, max-snippet:-1, max-image-preview:large, max-video-preview:-1\" \/>\n<link rel=\"canonical\" href=\"https:\/\/menorcawatertaxi.com\/fr\/avis-juridique\/\" \/>\n<meta property=\"og:locale\" content=\"fr_FR\" \/>\n<meta property=\"og:type\" content=\"article\" \/>\n<meta property=\"og:title\" content=\"Avis juridique - Menorca Water Taxi\" \/>\n<meta property=\"og:description\" content=\"Lisez nos mentions l\u00e9gales pour obtenir des informations sur l&#039;utilisation du site web, la protection des donn\u00e9es et les r\u00e9glementations applicables. Transparence garantie.\" \/>\n<meta property=\"og:url\" content=\"https:\/\/menorcawatertaxi.com\/fr\/avis-juridique\/\" \/>\n<meta property=\"og:site_name\" content=\"Menorca Water Taxi\" \/>\n<meta property=\"article:modified_time\" content=\"2026-04-22T14:33:13+00:00\" \/>\n<meta name=\"twitter:card\" content=\"summary_large_image\" \/>\n<meta name=\"twitter:label1\" content=\"Dur\u00e9e de lecture estim\u00e9e\" \/>\n\t<meta name=\"twitter:data1\" content=\"5 minutes\" \/>\n<script type=\"application\/ld+json\" class=\"yoast-schema-graph\">{\"@context\":\"https:\\\/\\\/schema.org\",\"@graph\":[{\"@type\":\"WebPage\",\"@id\":\"https:\\\/\\\/menorcawatertaxi.com\\\/fr\\\/avis-juridique\\\/\",\"url\":\"https:\\\/\\\/menorcawatertaxi.com\\\/fr\\\/avis-juridique\\\/\",\"name\":\"Avis juridique - Menorca Water Taxi\",\"isPartOf\":{\"@id\":\"https:\\\/\\\/menorcawatertaxi.com\\\/#website\"},\"datePublished\":\"2024-08-01T11:58:34+00:00\",\"dateModified\":\"2026-04-22T14:33:13+00:00\",\"description\":\"Lisez nos mentions l\u00e9gales pour obtenir des informations sur l'utilisation du site web, la protection des donn\u00e9es et les r\u00e9glementations applicables. Transparence garantie.\",\"breadcrumb\":{\"@id\":\"https:\\\/\\\/menorcawatertaxi.com\\\/fr\\\/avis-juridique\\\/#breadcrumb\"},\"inLanguage\":\"fr-FR\",\"potentialAction\":[{\"@type\":\"ReadAction\",\"target\":[\"https:\\\/\\\/menorcawatertaxi.com\\\/fr\\\/avis-juridique\\\/\"]}]},{\"@type\":\"BreadcrumbList\",\"@id\":\"https:\\\/\\\/menorcawatertaxi.com\\\/fr\\\/avis-juridique\\\/#breadcrumb\",\"itemListElement\":[{\"@type\":\"ListItem\",\"position\":1,\"name\":\"Portada\",\"item\":\"https:\\\/\\\/menorcawatertaxi.com\\\/fr\\\/accueil\\\/\"},{\"@type\":\"ListItem\",\"position\":2,\"name\":\"Avis juridique\"}]},{\"@type\":\"WebSite\",\"@id\":\"https:\\\/\\\/menorcawatertaxi.com\\\/#website\",\"url\":\"https:\\\/\\\/menorcawatertaxi.com\\\/\",\"name\":\"Menorca Water Taxi\",\"description\":\"Servicio de trasnlado desde el puerto de Mahon\",\"potentialAction\":[{\"@type\":\"SearchAction\",\"target\":{\"@type\":\"EntryPoint\",\"urlTemplate\":\"https:\\\/\\\/menorcawatertaxi.com\\\/?s={search_term_string}\"},\"query-input\":{\"@type\":\"PropertyValueSpecification\",\"valueRequired\":true,\"valueName\":\"search_term_string\"}}],\"inLanguage\":\"fr-FR\"}]}<\/script>\n<!-- \/ Yoast SEO plugin. -->","yoast_head_json":{"title":"Avis juridique - Menorca Water Taxi","description":"Lisez nos mentions l\u00e9gales pour obtenir des informations sur l'utilisation du site web, la protection des donn\u00e9es et les r\u00e9glementations applicables. Transparence garantie.","robots":{"index":"index","follow":"follow","max-snippet":"max-snippet:-1","max-image-preview":"max-image-preview:large","max-video-preview":"max-video-preview:-1"},"canonical":"https:\/\/menorcawatertaxi.com\/fr\/avis-juridique\/","og_locale":"fr_FR","og_type":"article","og_title":"Avis juridique - Menorca Water Taxi","og_description":"Lisez nos mentions l\u00e9gales pour obtenir des informations sur l'utilisation du site web, la protection des donn\u00e9es et les r\u00e9glementations applicables. Transparence garantie.","og_url":"https:\/\/menorcawatertaxi.com\/fr\/avis-juridique\/","og_site_name":"Menorca Water Taxi","article_modified_time":"2026-04-22T14:33:13+00:00","twitter_card":"summary_large_image","twitter_misc":{"Dur\u00e9e de lecture estim\u00e9e":"5 minutes"},"schema":{"@context":"https:\/\/schema.org","@graph":[{"@type":"WebPage","@id":"https:\/\/menorcawatertaxi.com\/fr\/avis-juridique\/","url":"https:\/\/menorcawatertaxi.com\/fr\/avis-juridique\/","name":"Avis juridique - Menorca Water Taxi","isPartOf":{"@id":"https:\/\/menorcawatertaxi.com\/#website"},"datePublished":"2024-08-01T11:58:34+00:00","dateModified":"2026-04-22T14:33:13+00:00","description":"Lisez nos mentions l\u00e9gales pour obtenir des informations sur l'utilisation du site web, la protection des donn\u00e9es et les r\u00e9glementations applicables. Transparence garantie.","breadcrumb":{"@id":"https:\/\/menorcawatertaxi.com\/fr\/avis-juridique\/#breadcrumb"},"inLanguage":"fr-FR","potentialAction":[{"@type":"ReadAction","target":["https:\/\/menorcawatertaxi.com\/fr\/avis-juridique\/"]}]},{"@type":"BreadcrumbList","@id":"https:\/\/menorcawatertaxi.com\/fr\/avis-juridique\/#breadcrumb","itemListElement":[{"@type":"ListItem","position":1,"name":"Portada","item":"https:\/\/menorcawatertaxi.com\/fr\/accueil\/"},{"@type":"ListItem","position":2,"name":"Avis juridique"}]},{"@type":"WebSite","@id":"https:\/\/menorcawatertaxi.com\/#website","url":"https:\/\/menorcawatertaxi.com\/","name":"Menorca Water Taxi","description":"Servicio de trasnlado desde el puerto de Mahon","potentialAction":[{"@type":"SearchAction","target":{"@type":"EntryPoint","urlTemplate":"https:\/\/menorcawatertaxi.com\/?s={search_term_string}"},"query-input":{"@type":"PropertyValueSpecification","valueRequired":true,"valueName":"search_term_string"}}],"inLanguage":"fr-FR"}]}},"_links":{"self":[{"href":"https:\/\/menorcawatertaxi.com\/fr\/wp-json\/wp\/v2\/pages\/796","targetHints":{"allow":["GET"]}}],"collection":[{"href":"https:\/\/menorcawatertaxi.com\/fr\/wp-json\/wp\/v2\/pages"}],"about":[{"href":"https:\/\/menorcawatertaxi.com\/fr\/wp-json\/wp\/v2\/types\/page"}],"author":[{"embeddable":true,"href":"https:\/\/menorcawatertaxi.com\/fr\/wp-json\/wp\/v2\/users\/1"}],"replies":[{"embeddable":true,"href":"https:\/\/menorcawatertaxi.com\/fr\/wp-json\/wp\/v2\/comments?post=796"}],"version-history":[{"count":1,"href":"https:\/\/menorcawatertaxi.com\/fr\/wp-json\/wp\/v2\/pages\/796\/revisions"}],"predecessor-version":[{"id":798,"href":"https:\/\/menorcawatertaxi.com\/fr\/wp-json\/wp\/v2\/pages\/796\/revisions\/798"}],"wp:attachment":[{"href":"https:\/\/menorcawatertaxi.com\/fr\/wp-json\/wp\/v2\/media?parent=796"}],"curies":[{"name":"wp","href":"https:\/\/api.w.org\/{rel}","templated":true}]}}