{"id":800,"date":"2024-08-05T11:58:27","date_gmt":"2024-08-05T11:58:27","guid":{"rendered":"https:\/\/menorcawatertaxi.com\/plan-du-site\/"},"modified":"2026-04-22T14:33:28","modified_gmt":"2026-04-22T14:33:28","slug":"plan-du-site","status":"publish","type":"page","link":"https:\/\/menorcawatertaxi.com\/fr\/plan-du-site\/","title":{"rendered":"Plan du site"},"content":{"rendered":"\n[et_pb_section fb_built=\u00a0\u00bb1&Prime; _builder_version=\u00a0\u00bb4.27.0&Prime; _module_preset=\u00a0\u00bbdefault\u00a0\u00bb global_colors_info=\u00a0\u00bb{}\u00a0\u00bb theme_builder_area=\u00a0\u00bbpost_content\u00a0\u00bb][et_pb_row _builder_version=\u00a0\u00bb4.27.0&Prime; _module_preset=\u00a0\u00bbdefault\u00a0\u00bb global_colors_info=\u00a0\u00bb{}\u00a0\u00bb theme_builder_area=\u00a0\u00bbpost_content\u00a0\u00bb][et_pb_column type=\u00a0\u00bb4_4&Prime; _builder_version=\u00a0\u00bb4.27.0&Prime; _module_preset=\u00a0\u00bbdefault\u00a0\u00bb global_colors_info=\u00a0\u00bb{}\u00a0\u00bb theme_builder_area=\u00a0\u00bbpost_content\u00a0\u00bb][et_pb_text _builder_version=\u00a0\u00bb4.27.0&Prime; _module_preset=\u00a0\u00bbdefault\u00a0\u00bb header_font=\u00a0\u00bbDM Sans||||||||\u00a0\u00bb header_text_align=\u00a0\u00bbcenter\u00a0\u00bb header_font_size=\u00a0\u00bb36px\u00a0\u00bb hover_enabled=\u00a0\u00bb0&Prime; global_colors_info=\u00a0\u00bb{}\u00a0\u00bb theme_builder_area=\u00a0\u00bbpost_content\u00a0\u00bb sticky_enabled=\u00a0\u00bb0&Prime;]<h1>Plan du site<\/h1>[\/et_pb_text][et_pb_text _builder_version=\u00a0\u00bb4.27.0&Prime; _module_preset=\u00a0\u00bbdefault\u00a0\u00bb text_font=\u00a0\u00bbDM Sans||||||||\u00a0\u00bb hover_enabled=\u00a0\u00bb0&Prime; global_colors_info=\u00a0\u00bb{}\u00a0\u00bb theme_builder_area=\u00a0\u00bbpost_content\u00a0\u00bb sticky_enabled=\u00a0\u00bb0&Prime;]<p><span><div class=\"kwayy-html-sitemap-wrapper\"><h2 class=\"kwayy-html-sitemap-post-title kwayy-page-title\">P\u00e1ginas<\/h2><ul class=\"kwayy-html-sitemap-post-list kwayy-page-list\"><ul><li><a href=\"https:\/\/menorcawatertaxi.com\/fr\/accessibilite\/\">Accessibilit\u00e9<\/a><\/li><li><a href=\"https:\/\/menorcawatertaxi.com\/fr\/\">Accueil<\/a><\/li><li><a href=\"https:\/\/menorcawatertaxi.com\/fr\/avis-juridique\/\">Avis juridique<\/a><\/li><li><a href=\"https:\/\/menorcawatertaxi.com\/fr\/politique-en-matiere-de-cookies-ue\/\">Politique en mati\u00e8re de cookies (UE)<\/a><\/li><li><a href=\"https:\/\/menorcawatertaxi.com\/fr\/politique-de-confidentialite\/\">Politique de confidentialit\u00e9<\/a><\/li><li><a href=\"https:\/\/menorcawatertaxi.com\/fr\/termes-et-conditions\/\">Termes et conditions<\/a><\/li><li><a href=\"https:\/\/menorcawatertaxi.com\/fr\/promenade-dans-le-port-de-mahon\/\">Promenade dans le port de Mahon<\/a><\/li><li><a href=\"https:\/\/menorcawatertaxi.com\/fr\/promenade-a-lexterieur-du-port-de-mahon-4-heures-coucher-de-soleil\/\">Promenade \u00e0 l'ext\u00e9rieur du port de Mahon 4 heures coucher de soleil<\/a><\/li><li><a href=\"https:\/\/menorcawatertaxi.com\/fr\/service-de-sauvetage-en-mer\/\">Service de sauvetage en mer<\/a><\/li><li><a href=\"https:\/\/menorcawatertaxi.com\/fr\/restauration\/\">Restauration<\/a><\/li><li><a href=\"https:\/\/menorcawatertaxi.com\/fr\/contact\/\">Contact<\/a><\/li><\/ul><\/ul><\/div> <!-- .kwayy-html-sitemap-wrapper --><\/span><\/p>[\/et_pb_text][\/et_pb_column][\/et_pb_row][\/et_pb_section]\n","protected":false},"excerpt":{"rendered":"<p>Plan du site<div class=\"kwayy-html-sitemap-wrapper\"><h2 class=\"kwayy-html-sitemap-post-title kwayy-page-title\">P\u00e1ginas<\/h2><ul class=\"kwayy-html-sitemap-post-list kwayy-page-list\"><ul><li><a href=\"https:\/\/menorcawatertaxi.com\/fr\/accessibilite\/\">Accessibilit\u00e9<\/a><\/li><li><a href=\"https:\/\/menorcawatertaxi.com\/fr\/\">Accueil<\/a><\/li><li><a href=\"https:\/\/menorcawatertaxi.com\/fr\/avis-juridique\/\">Avis juridique<\/a><\/li><li><a href=\"https:\/\/menorcawatertaxi.com\/fr\/politique-en-matiere-de-cookies-ue\/\">Politique en mati\u00e8re de cookies (UE)<\/a><\/li><li><a href=\"https:\/\/menorcawatertaxi.com\/fr\/politique-de-confidentialite\/\">Politique de confidentialit\u00e9<\/a><\/li><li><a href=\"https:\/\/menorcawatertaxi.com\/fr\/termes-et-conditions\/\">Termes et conditions<\/a><\/li><li><a href=\"https:\/\/menorcawatertaxi.com\/fr\/promenade-dans-le-port-de-mahon\/\">Promenade dans le port de Mahon<\/a><\/li><li><a href=\"https:\/\/menorcawatertaxi.com\/fr\/promenade-a-lexterieur-du-port-de-mahon-4-heures-coucher-de-soleil\/\">Promenade \u00e0 l'ext\u00e9rieur du port de Mahon 4 heures coucher de soleil<\/a><\/li><li><a href=\"https:\/\/menorcawatertaxi.com\/fr\/service-de-sauvetage-en-mer\/\">Service de sauvetage en mer<\/a><\/li><li><a href=\"https:\/\/menorcawatertaxi.com\/fr\/restauration\/\">Restauration<\/a><\/li><li><a href=\"https:\/\/menorcawatertaxi.com\/fr\/contact\/\">Contact<\/a><\/li><\/ul><\/ul><\/div> <!-- .kwayy-html-sitemap-wrapper --><\/p>\n","protected":false},"author":1,"featured_media":0,"parent":0,"menu_order":0,"comment_status":"closed","ping_status":"closed","template":"","meta":{"_et_pb_use_builder":"on","_et_pb_old_content":"","_et_gb_content_width":"","footnotes":""},"class_list":["post-800","page","type-page","status-publish","hentry"],"yoast_head":"<!-- This site is optimized with the Yoast SEO plugin v27.4 - https:\/\/yoast.com\/product\/yoast-seo-wordpress\/ -->\n<title>Plan du site : Menorca Water Taxi<\/title>\n<meta name=\"description\" content=\"Trouvez facilement toutes les pages et sections de notre site web. Acc\u00e9dez \u00e0 des informations sur les services, les transferts, les r\u00e9servations et plus encore.\" \/>\n<meta name=\"robots\" content=\"index, follow, max-snippet:-1, max-image-preview:large, max-video-preview:-1\" \/>\n<link rel=\"canonical\" href=\"https:\/\/menorcawatertaxi.com\/fr\/plan-du-site\/\" \/>\n<meta property=\"og:locale\" content=\"fr_FR\" \/>\n<meta property=\"og:type\" content=\"article\" \/>\n<meta property=\"og:title\" content=\"Plan du site : Menorca Water Taxi\" \/>\n<meta property=\"og:description\" content=\"Trouvez facilement toutes les pages et sections de notre site web. Acc\u00e9dez \u00e0 des informations sur les services, les transferts, les r\u00e9servations et plus encore.\" \/>\n<meta property=\"og:url\" content=\"https:\/\/menorcawatertaxi.com\/fr\/plan-du-site\/\" \/>\n<meta property=\"og:site_name\" content=\"Menorca Water Taxi\" \/>\n<meta property=\"article:modified_time\" content=\"2026-04-22T14:33:28+00:00\" \/>\n<meta name=\"twitter:card\" content=\"summary_large_image\" \/>\n<meta name=\"twitter:label1\" content=\"Dur\u00e9e de lecture estim\u00e9e\" \/>\n\t<meta name=\"twitter:data1\" content=\"1 minute\" \/>\n<script type=\"application\/ld+json\" class=\"yoast-schema-graph\">{\"@context\":\"https:\\\/\\\/schema.org\",\"@graph\":[{\"@type\":\"WebPage\",\"@id\":\"https:\\\/\\\/menorcawatertaxi.com\\\/fr\\\/plan-du-site\\\/\",\"url\":\"https:\\\/\\\/menorcawatertaxi.com\\\/fr\\\/plan-du-site\\\/\",\"name\":\"Plan du site : Menorca Water Taxi\",\"isPartOf\":{\"@id\":\"https:\\\/\\\/menorcawatertaxi.com\\\/#website\"},\"datePublished\":\"2024-08-05T11:58:27+00:00\",\"dateModified\":\"2026-04-22T14:33:28+00:00\",\"description\":\"Trouvez facilement toutes les pages et sections de notre site web. Acc\u00e9dez \u00e0 des informations sur les services, les transferts, les r\u00e9servations et plus encore.\",\"breadcrumb\":{\"@id\":\"https:\\\/\\\/menorcawatertaxi.com\\\/fr\\\/plan-du-site\\\/#breadcrumb\"},\"inLanguage\":\"fr-FR\",\"potentialAction\":[{\"@type\":\"ReadAction\",\"target\":[\"https:\\\/\\\/menorcawatertaxi.com\\\/fr\\\/plan-du-site\\\/\"]}]},{\"@type\":\"BreadcrumbList\",\"@id\":\"https:\\\/\\\/menorcawatertaxi.com\\\/fr\\\/plan-du-site\\\/#breadcrumb\",\"itemListElement\":[{\"@type\":\"ListItem\",\"position\":1,\"name\":\"Portada\",\"item\":\"https:\\\/\\\/menorcawatertaxi.com\\\/fr\\\/accueil\\\/\"},{\"@type\":\"ListItem\",\"position\":2,\"name\":\"Plan du site\"}]},{\"@type\":\"WebSite\",\"@id\":\"https:\\\/\\\/menorcawatertaxi.com\\\/#website\",\"url\":\"https:\\\/\\\/menorcawatertaxi.com\\\/\",\"name\":\"Menorca Water Taxi\",\"description\":\"Servicio de trasnlado desde el puerto de Mahon\",\"potentialAction\":[{\"@type\":\"SearchAction\",\"target\":{\"@type\":\"EntryPoint\",\"urlTemplate\":\"https:\\\/\\\/menorcawatertaxi.com\\\/?s={search_term_string}\"},\"query-input\":{\"@type\":\"PropertyValueSpecification\",\"valueRequired\":true,\"valueName\":\"search_term_string\"}}],\"inLanguage\":\"fr-FR\"}]}<\/script>\n<!-- \/ Yoast SEO plugin. -->","yoast_head_json":{"title":"Plan du site : Menorca Water Taxi","description":"Trouvez facilement toutes les pages et sections de notre site web. Acc\u00e9dez \u00e0 des informations sur les services, les transferts, les r\u00e9servations et plus encore.","robots":{"index":"index","follow":"follow","max-snippet":"max-snippet:-1","max-image-preview":"max-image-preview:large","max-video-preview":"max-video-preview:-1"},"canonical":"https:\/\/menorcawatertaxi.com\/fr\/plan-du-site\/","og_locale":"fr_FR","og_type":"article","og_title":"Plan du site : Menorca Water Taxi","og_description":"Trouvez facilement toutes les pages et sections de notre site web. Acc\u00e9dez \u00e0 des informations sur les services, les transferts, les r\u00e9servations et plus encore.","og_url":"https:\/\/menorcawatertaxi.com\/fr\/plan-du-site\/","og_site_name":"Menorca Water Taxi","article_modified_time":"2026-04-22T14:33:28+00:00","twitter_card":"summary_large_image","twitter_misc":{"Dur\u00e9e de lecture estim\u00e9e":"1 minute"},"schema":{"@context":"https:\/\/schema.org","@graph":[{"@type":"WebPage","@id":"https:\/\/menorcawatertaxi.com\/fr\/plan-du-site\/","url":"https:\/\/menorcawatertaxi.com\/fr\/plan-du-site\/","name":"Plan du site : Menorca Water Taxi","isPartOf":{"@id":"https:\/\/menorcawatertaxi.com\/#website"},"datePublished":"2024-08-05T11:58:27+00:00","dateModified":"2026-04-22T14:33:28+00:00","description":"Trouvez facilement toutes les pages et sections de notre site web. Acc\u00e9dez \u00e0 des informations sur les services, les transferts, les r\u00e9servations et plus encore.","breadcrumb":{"@id":"https:\/\/menorcawatertaxi.com\/fr\/plan-du-site\/#breadcrumb"},"inLanguage":"fr-FR","potentialAction":[{"@type":"ReadAction","target":["https:\/\/menorcawatertaxi.com\/fr\/plan-du-site\/"]}]},{"@type":"BreadcrumbList","@id":"https:\/\/menorcawatertaxi.com\/fr\/plan-du-site\/#breadcrumb","itemListElement":[{"@type":"ListItem","position":1,"name":"Portada","item":"https:\/\/menorcawatertaxi.com\/fr\/accueil\/"},{"@type":"ListItem","position":2,"name":"Plan du site"}]},{"@type":"WebSite","@id":"https:\/\/menorcawatertaxi.com\/#website","url":"https:\/\/menorcawatertaxi.com\/","name":"Menorca Water Taxi","description":"Servicio de trasnlado desde el puerto de Mahon","potentialAction":[{"@type":"SearchAction","target":{"@type":"EntryPoint","urlTemplate":"https:\/\/menorcawatertaxi.com\/?s={search_term_string}"},"query-input":{"@type":"PropertyValueSpecification","valueRequired":true,"valueName":"search_term_string"}}],"inLanguage":"fr-FR"}]}},"_links":{"self":[{"href":"https:\/\/menorcawatertaxi.com\/fr\/wp-json\/wp\/v2\/pages\/800","targetHints":{"allow":["GET"]}}],"collection":[{"href":"https:\/\/menorcawatertaxi.com\/fr\/wp-json\/wp\/v2\/pages"}],"about":[{"href":"https:\/\/menorcawatertaxi.com\/fr\/wp-json\/wp\/v2\/types\/page"}],"author":[{"embeddable":true,"href":"https:\/\/menorcawatertaxi.com\/fr\/wp-json\/wp\/v2\/users\/1"}],"replies":[{"embeddable":true,"href":"https:\/\/menorcawatertaxi.com\/fr\/wp-json\/wp\/v2\/comments?post=800"}],"version-history":[{"count":1,"href":"https:\/\/menorcawatertaxi.com\/fr\/wp-json\/wp\/v2\/pages\/800\/revisions"}],"predecessor-version":[{"id":805,"href":"https:\/\/menorcawatertaxi.com\/fr\/wp-json\/wp\/v2\/pages\/800\/revisions\/805"}],"wp:attachment":[{"href":"https:\/\/menorcawatertaxi.com\/fr\/wp-json\/wp\/v2\/media?parent=800"}],"curies":[{"name":"wp","href":"https:\/\/api.w.org\/{rel}","templated":true}]}}