{"id":826,"date":"2024-07-31T15:27:57","date_gmt":"2024-07-31T15:27:57","guid":{"rendered":"https:\/\/menorcawatertaxi.com\/contact\/"},"modified":"2026-04-22T14:34:10","modified_gmt":"2026-04-22T14:34:10","slug":"contact","status":"publish","type":"page","link":"https:\/\/menorcawatertaxi.com\/fr\/contact\/","title":{"rendered":"Contact"},"content":{"rendered":"<p>[et_pb_section fb_built=\u00a0\u00bb1&Prime; _builder_version=\u00a0\u00bb4.27.0&Prime; _module_preset=\u00a0\u00bbdefault\u00a0\u00bb background_color=\u00a0\u00bbrgba(0,0,0,0.24)\u00a0\u00bb background_image=\u00a0\u00bbhttps:\/\/menorcawatertaxi.com\/wp-content\/uploads\/2024\/08\/Cabecera-Contacto-Taxi-1.jpg\u00a0\u00bb background_blend=\u00a0\u00bbdarken\u00a0\u00bb min_height=\u00a0\u00bb434px\u00a0\u00bb locked=\u00a0\u00bboff\u00a0\u00bb global_colors_info=\u00a0\u00bb{}\u00a0\u00bb][et_pb_row _builder_version=\u00a0\u00bb4.27.0&Prime; _module_preset=\u00a0\u00bbdefault\u00a0\u00bb global_colors_info=\u00a0\u00bb{}\u00a0\u00bb][et_pb_column type=\u00a0\u00bb4_4&Prime; _builder_version=\u00a0\u00bb4.27.0&Prime; _module_preset=\u00a0\u00bbdefault\u00a0\u00bb global_colors_info=\u00a0\u00bb{}\u00a0\u00bb][et_pb_text _builder_version=\u00a0\u00bb4.27.0&Prime; _module_preset=\u00a0\u00bbdefault\u00a0\u00bb header_font=\u00a0\u00bbDM Sans|700|||||||\u00a0\u00bb header_text_align=\u00a0\u00bbcenter\u00a0\u00bb header_text_color=\u00a0\u00bb#FFFFFF\u00a0\u00bb header_font_size=\u00a0\u00bb38px\u00a0\u00bb custom_margin=\u00a0\u00bb9%||||false|false\u00a0\u00bb global_colors_info=\u00a0\u00bb{}\u00a0\u00bb]<\/p>\n<h1>Contact<\/h1>\n<p>[\/et_pb_text][\/et_pb_column][\/et_pb_row][\/et_pb_section][et_pb_section fb_built=\u00a0\u00bb1&Prime; _builder_version=\u00a0\u00bb4.27.0&Prime; _module_preset=\u00a0\u00bbdefault\u00a0\u00bb custom_margin=\u00a0\u00bb||6%||false|false\u00a0\u00bb global_colors_info=\u00a0\u00bb{}\u00a0\u00bb][et_pb_row column_structure=\u00a0\u00bb1_2,1_2&Prime; _builder_version=\u00a0\u00bb4.27.0&Prime; _module_preset=\u00a0\u00bbdefault\u00a0\u00bb global_colors_info=\u00a0\u00bb{}\u00a0\u00bb][et_pb_column type=\u00a0\u00bb1_2&Prime; _builder_version=\u00a0\u00bb4.27.0&Prime; _module_preset=\u00a0\u00bbdefault\u00a0\u00bb global_colors_info=\u00a0\u00bb{}\u00a0\u00bb][et_pb_text _builder_version=\u00a0\u00bb4.27.0&Prime; _module_preset=\u00a0\u00bbdefault\u00a0\u00bb text_font=\u00a0\u00bbDM Sans|700|||||||\u00a0\u00bb text_text_color=\u00a0\u00bb#464378&Prime; text_font_size=\u00a0\u00bb42px\u00a0\u00bb global_colors_info=\u00a0\u00bb{}\u00a0\u00bb]<\/p>\n<p>Contact<\/p>\n<p>[\/et_pb_text][et_pb_text _builder_version=\u00a0\u00bb4.27.0&Prime; _module_preset=\u00a0\u00bbdefault\u00a0\u00bb text_font=\u00a0\u00bbDM Sans||||||||\u00a0\u00bb text_text_color=\u00a0\u00bb#1d1d1d\u00a0\u00bb text_font_size=\u00a0\u00bb16px\u00a0\u00bb text_line_height=\u00a0\u00bb28px\u00a0\u00bb global_colors_info=\u00a0\u00bb{}\u00a0\u00bb]<\/p>\n<p>\u00c0 Menorca Water Taxi, nous nous engageons \u00e0 vous offrir le meilleur service et \u00e0 rendre votre exp\u00e9rience sur l&rsquo;\u00eele de Minorque inoubliable. Si vous avez des questions, si vous souhaitez faire une r\u00e9servation ou si vous avez besoin d&rsquo;informations suppl\u00e9mentaires, n&rsquo;h\u00e9sitez pas \u00e0 nous contacter. <\/p>\n<p>[\/et_pb_text][et_pb_text _builder_version=\u00a0\u00bb4.27.2&Prime; _module_preset=\u00a0\u00bbdefault\u00a0\u00bb text_font=\u00a0\u00bbDM Sans||||||||\u00a0\u00bb hover_enabled=\u00a0\u00bb0&Prime; global_colors_info=\u00a0\u00bb{}\u00a0\u00bb sticky_enabled=\u00a0\u00bb0&Prime;]<\/p>\n<div style=\"display: flex;\">\n<p><img loading=\"lazy\" decoding=\"async\" src=\"https:\/\/menorcawatertaxi.com\/wp-content\/uploads\/2024\/08\/Icono-telefono.jpg\" width=\"34\" height=\"35\" alt=\"\" class=\"wp-image-511 alignnone size-medium\"><\/p>\n<div style=\"margin-left: 10px; margin-right: 20px;\"><span style=\"color: #464378; font-size: 17px; font-weight: 600;\">T\u00e9l\u00e9phone<\/span><br \/>\n<span style=\"color: #989898; font-size: 12px;\">606 501 111<\/span><\/div>\n<p><img loading=\"lazy\" decoding=\"async\" src=\"https:\/\/menorcawatertaxi.com\/wp-content\/uploads\/2024\/08\/Icono-Reloj.jpg\" width=\"34\" height=\"35\" alt=\"\" class=\"wp-image-512 alignnone size-medium\"><\/p>\n<div style=\"margin-left: 10px; margin-right: 20px;\"><span style=\"color: #464378; font-size: 17px; font-weight: 600;\">Heures d&rsquo;ouverture<\/span><br \/>\n<span style=\"color: #989898; font-size: 12px;\">Lun-Ven<br \/>\n9:00-18:00<\/span><\/div>\n<p><img loading=\"lazy\" decoding=\"async\" src=\"https:\/\/menorcawatertaxi.com\/wp-content\/uploads\/2024\/08\/Icono-Email.jpg\" width=\"34\" height=\"35\" alt=\"\" class=\"wp-image-513 alignnone size-medium\"><\/p>\n<div style=\"margin-left: 10px;\"><span style=\"color: #464378; font-size: 17px; font-weight: 600;\">Courriel<\/span><br \/>\n<a href=\"mailto:info@menorcawatertaxi.com\" style=\"color: #989898; font-size: 12px;\">info@menorcawatertaxi.com<\/a><\/div>\n<\/div>\n<p>[\/et_pb_text][\/et_pb_column][et_pb_column type=\u00a0\u00bb1_2&Prime; _builder_version=\u00a0\u00bb4.27.0&Prime; _module_preset=\u00a0\u00bbdefault\u00a0\u00bb global_colors_info=\u00a0\u00bb{}\u00a0\u00bb][et_pb_image src=\u00a0\u00bbhttps:\/\/menorcawatertaxi.com\/wp-content\/uploads\/2024\/08\/Imagen-water-contacto-1.jpg\u00a0\u00bb alt=\u00a0\u00bbb\u00e2timent en pierre, avec verdure pr\u00e8s de la mer\u00a0\u00bb title_text=\u00a0\u00bbImagen-water-contacto (1)\u00a0\u00bb force_fullwidth=\u00a0\u00bbon\u00a0\u00bb _builder_version=\u00a0\u00bb4.27.0&Prime; _module_preset=\u00a0\u00bbdefault\u00a0\u00bb global_colors_info=\u00a0\u00bb{}\u00a0\u00bb][\/et_pb_image][\/et_pb_column][\/et_pb_row][et_pb_row _builder_version=\u00a0\u00bb4.27.0&Prime; _module_preset=\u00a0\u00bbdefault\u00a0\u00bb custom_margin=\u00a0\u00bb3%||||false|false\u00a0\u00bb global_colors_info=\u00a0\u00bb{}\u00a0\u00bb][et_pb_column type=\u00a0\u00bb4_4&Prime; _builder_version=\u00a0\u00bb4.27.0&Prime; _module_preset=\u00a0\u00bbdefault\u00a0\u00bb global_colors_info=\u00a0\u00bb{}\u00a0\u00bb][et_pb_text _builder_version=\u00a0\u00bb4.27.0&Prime; _module_preset=\u00a0\u00bbdefault\u00a0\u00bb text_font=\u00a0\u00bbDM Sans|700|||||||\u00a0\u00bb text_text_color=\u00a0\u00bb#464378&Prime; text_font_size=\u00a0\u00bb42px\u00a0\u00bb header_2_font=\u00a0\u00bbDM Sans|700|||||||\u00a0\u00bb header_2_text_align=\u00a0\u00bbcenter\u00a0\u00bb header_2_text_color=\u00a0\u00bb#464378&Prime; header_2_font_size=\u00a0\u00bb42px\u00a0\u00bb locked=\u00a0\u00bboff\u00a0\u00bb global_colors_info=\u00a0\u00bb{}\u00a0\u00bb]<\/p>\n<h2>O\u00f9 nous sommes<\/h2>\n<p>[\/et_pb_text][et_pb_text _builder_version=\u00a0\u00bb4.27.2&Prime; _module_preset=\u00a0\u00bbdefault\u00a0\u00bb text_font=\u00a0\u00bbDM Sans||||||||\u00a0\u00bb text_text_color=\u00a0\u00bb#1d1d1d\u00a0\u00bb text_font_size=\u00a0\u00bb16px\u00a0\u00bb text_line_height=\u00a0\u00bb28px\u00a0\u00bb text_orientation=\u00a0\u00bbcenter\u00a0\u00bb hover_enabled=\u00a0\u00bb0&Prime; locked=\u00a0\u00bboff\u00a0\u00bb global_colors_info=\u00a0\u00bb{}\u00a0\u00bb sticky_enabled=\u00a0\u00bb0&Prime;]<\/p>\n<p>Vous nous trouverez dans le port de Mah\u00f3n, <span><a href=\"https:\/\/goo.gl\/maps\/UNGgyRvCnwf2LHbK9\">Muelle de Levante n\u00ba 96<\/a> <\/span>un point strat\u00e9gique pour commencer votre aventure en mer. Ci-dessous, vous trouverez une carte interactive <\/p>\n<p>[\/et_pb_text][et_pb_code _builder_version=\u00a0\u00bb4.27.0&Prime; _module_preset=\u00a0\u00bbdefault\u00a0\u00bb global_colors_info=\u00a0\u00bb{}\u00a0\u00bb]<iframe src=\"https:\/\/www.google.com\/maps\/embed?pb=!1m14!1m8!1m3!1d12245.25244147478!2d4.2703348!3d39.8896215!3m2!1i1024!2i768!4f13.1!3m3!1m2!1s0x1295879ba2c61579%3A0xafe2ba183f410fa5!2sMenorca%20Mar%20%26%20Charter!5e0!3m2!1ses!2ses!4v1678197587275!5m2!1ses!2ses\" width=\"1200\" height=\"450\" style=\"border:0;\" allowfullscreen=\"\" loading=\"lazy\" referrerpolicy=\"no-referrer-when-downgrade\"><\/iframe>[\/et_pb_code][\/et_pb_column][\/et_pb_row][\/et_pb_section]<\/p>\n","protected":false},"excerpt":{"rendered":"<p>ContactContact\u00c0 Menorca Water Taxi, nous nous engageons \u00e0 vous offrir le meilleur service et \u00e0 rendre votre exp\u00e9rience sur l&rsquo;\u00eele de Minorque inoubliable. Si vous avez des questions, si vous souhaitez faire une r\u00e9servation ou si vous avez besoin d&rsquo;informations suppl\u00e9mentaires, n&rsquo;h\u00e9sitez pas \u00e0 nous contacter. T\u00e9l\u00e9phone 606 501 111 Heures d&rsquo;ouverture Lun-Ven 9:00-18:00 Courriel [&hellip;]<\/p>\n","protected":false},"author":1,"featured_media":0,"parent":0,"menu_order":0,"comment_status":"closed","ping_status":"closed","template":"","meta":{"_et_pb_use_builder":"on","_et_pb_old_content":"","_et_gb_content_width":"","footnotes":""},"class_list":["post-826","page","type-page","status-publish","hentry"],"yoast_head":"<!-- This site is optimized with the Yoast SEO plugin v27.4 - https:\/\/yoast.com\/product\/yoast-seo-wordpress\/ -->\n<title>Contactez Menorca Water Taxi<\/title>\n<meta name=\"description\" content=\"N&#039;h\u00e9sitez pas \u00e0 nous contacter pour toute demande de renseignements ou de r\u00e9servations. Notre \u00e9quipe est pr\u00eate \u00e0 vous aider et \u00e0 vous faire b\u00e9n\u00e9ficier d&#039;un service exceptionnel.\" \/>\n<meta name=\"robots\" content=\"index, follow, max-snippet:-1, max-image-preview:large, max-video-preview:-1\" \/>\n<link rel=\"canonical\" href=\"https:\/\/menorcawatertaxi.com\/fr\/contact\/\" \/>\n<meta property=\"og:locale\" content=\"fr_FR\" \/>\n<meta property=\"og:type\" content=\"article\" \/>\n<meta property=\"og:title\" content=\"Contactez Menorca Water Taxi\" \/>\n<meta property=\"og:description\" content=\"N&#039;h\u00e9sitez pas \u00e0 nous contacter pour toute demande de renseignements ou de r\u00e9servations. Notre \u00e9quipe est pr\u00eate \u00e0 vous aider et \u00e0 vous faire b\u00e9n\u00e9ficier d&#039;un service exceptionnel.\" \/>\n<meta property=\"og:url\" content=\"https:\/\/menorcawatertaxi.com\/fr\/contact\/\" \/>\n<meta property=\"og:site_name\" content=\"Menorca Water Taxi\" \/>\n<meta property=\"article:modified_time\" content=\"2026-04-22T14:34:10+00:00\" \/>\n<meta property=\"og:image\" content=\"https:\/\/menorcawatertaxi.com\/wp-content\/uploads\/2024\/08\/Icono-telefono.jpg\" \/>\n\t<meta property=\"og:image:width\" content=\"34\" \/>\n\t<meta property=\"og:image:height\" content=\"35\" \/>\n\t<meta property=\"og:image:type\" content=\"image\/jpeg\" \/>\n<meta name=\"twitter:card\" content=\"summary_large_image\" \/>\n<meta name=\"twitter:label1\" content=\"Dur\u00e9e de lecture estim\u00e9e\" \/>\n\t<meta name=\"twitter:data1\" content=\"3 minutes\" \/>\n<script type=\"application\/ld+json\" class=\"yoast-schema-graph\">{\"@context\":\"https:\\\/\\\/schema.org\",\"@graph\":[{\"@type\":\"WebPage\",\"@id\":\"https:\\\/\\\/menorcawatertaxi.com\\\/fr\\\/contact\\\/\",\"url\":\"https:\\\/\\\/menorcawatertaxi.com\\\/fr\\\/contact\\\/\",\"name\":\"Contactez Menorca Water Taxi\",\"isPartOf\":{\"@id\":\"https:\\\/\\\/menorcawatertaxi.com\\\/#website\"},\"primaryImageOfPage\":{\"@id\":\"https:\\\/\\\/menorcawatertaxi.com\\\/fr\\\/contact\\\/#primaryimage\"},\"image\":{\"@id\":\"https:\\\/\\\/menorcawatertaxi.com\\\/fr\\\/contact\\\/#primaryimage\"},\"thumbnailUrl\":\"https:\\\/\\\/menorcawatertaxi.com\\\/wp-content\\\/uploads\\\/2024\\\/08\\\/Icono-telefono.jpg\",\"datePublished\":\"2024-07-31T15:27:57+00:00\",\"dateModified\":\"2026-04-22T14:34:10+00:00\",\"description\":\"N'h\u00e9sitez pas \u00e0 nous contacter pour toute demande de renseignements ou de r\u00e9servations. Notre \u00e9quipe est pr\u00eate \u00e0 vous aider et \u00e0 vous faire b\u00e9n\u00e9ficier d'un service exceptionnel.\",\"breadcrumb\":{\"@id\":\"https:\\\/\\\/menorcawatertaxi.com\\\/fr\\\/contact\\\/#breadcrumb\"},\"inLanguage\":\"fr-FR\",\"potentialAction\":[{\"@type\":\"ReadAction\",\"target\":[\"https:\\\/\\\/menorcawatertaxi.com\\\/fr\\\/contact\\\/\"]}]},{\"@type\":\"ImageObject\",\"inLanguage\":\"fr-FR\",\"@id\":\"https:\\\/\\\/menorcawatertaxi.com\\\/fr\\\/contact\\\/#primaryimage\",\"url\":\"https:\\\/\\\/menorcawatertaxi.com\\\/wp-content\\\/uploads\\\/2024\\\/08\\\/Icono-telefono.jpg\",\"contentUrl\":\"https:\\\/\\\/menorcawatertaxi.com\\\/wp-content\\\/uploads\\\/2024\\\/08\\\/Icono-telefono.jpg\"},{\"@type\":\"BreadcrumbList\",\"@id\":\"https:\\\/\\\/menorcawatertaxi.com\\\/fr\\\/contact\\\/#breadcrumb\",\"itemListElement\":[{\"@type\":\"ListItem\",\"position\":1,\"name\":\"Portada\",\"item\":\"https:\\\/\\\/menorcawatertaxi.com\\\/fr\\\/accueil\\\/\"},{\"@type\":\"ListItem\",\"position\":2,\"name\":\"Contact\"}]},{\"@type\":\"WebSite\",\"@id\":\"https:\\\/\\\/menorcawatertaxi.com\\\/#website\",\"url\":\"https:\\\/\\\/menorcawatertaxi.com\\\/\",\"name\":\"Menorca Water Taxi\",\"description\":\"Servicio de trasnlado desde el puerto de Mahon\",\"potentialAction\":[{\"@type\":\"SearchAction\",\"target\":{\"@type\":\"EntryPoint\",\"urlTemplate\":\"https:\\\/\\\/menorcawatertaxi.com\\\/?s={search_term_string}\"},\"query-input\":{\"@type\":\"PropertyValueSpecification\",\"valueRequired\":true,\"valueName\":\"search_term_string\"}}],\"inLanguage\":\"fr-FR\"}]}<\/script>\n<!-- \/ Yoast SEO plugin. -->","yoast_head_json":{"title":"Contactez Menorca Water Taxi","description":"N'h\u00e9sitez pas \u00e0 nous contacter pour toute demande de renseignements ou de r\u00e9servations. Notre \u00e9quipe est pr\u00eate \u00e0 vous aider et \u00e0 vous faire b\u00e9n\u00e9ficier d'un service exceptionnel.","robots":{"index":"index","follow":"follow","max-snippet":"max-snippet:-1","max-image-preview":"max-image-preview:large","max-video-preview":"max-video-preview:-1"},"canonical":"https:\/\/menorcawatertaxi.com\/fr\/contact\/","og_locale":"fr_FR","og_type":"article","og_title":"Contactez Menorca Water Taxi","og_description":"N'h\u00e9sitez pas \u00e0 nous contacter pour toute demande de renseignements ou de r\u00e9servations. Notre \u00e9quipe est pr\u00eate \u00e0 vous aider et \u00e0 vous faire b\u00e9n\u00e9ficier d'un service exceptionnel.","og_url":"https:\/\/menorcawatertaxi.com\/fr\/contact\/","og_site_name":"Menorca Water Taxi","article_modified_time":"2026-04-22T14:34:10+00:00","og_image":[{"width":34,"height":35,"url":"https:\/\/menorcawatertaxi.com\/wp-content\/uploads\/2024\/08\/Icono-telefono.jpg","type":"image\/jpeg"}],"twitter_card":"summary_large_image","twitter_misc":{"Dur\u00e9e de lecture estim\u00e9e":"3 minutes"},"schema":{"@context":"https:\/\/schema.org","@graph":[{"@type":"WebPage","@id":"https:\/\/menorcawatertaxi.com\/fr\/contact\/","url":"https:\/\/menorcawatertaxi.com\/fr\/contact\/","name":"Contactez Menorca Water Taxi","isPartOf":{"@id":"https:\/\/menorcawatertaxi.com\/#website"},"primaryImageOfPage":{"@id":"https:\/\/menorcawatertaxi.com\/fr\/contact\/#primaryimage"},"image":{"@id":"https:\/\/menorcawatertaxi.com\/fr\/contact\/#primaryimage"},"thumbnailUrl":"https:\/\/menorcawatertaxi.com\/wp-content\/uploads\/2024\/08\/Icono-telefono.jpg","datePublished":"2024-07-31T15:27:57+00:00","dateModified":"2026-04-22T14:34:10+00:00","description":"N'h\u00e9sitez pas \u00e0 nous contacter pour toute demande de renseignements ou de r\u00e9servations. Notre \u00e9quipe est pr\u00eate \u00e0 vous aider et \u00e0 vous faire b\u00e9n\u00e9ficier d'un service exceptionnel.","breadcrumb":{"@id":"https:\/\/menorcawatertaxi.com\/fr\/contact\/#breadcrumb"},"inLanguage":"fr-FR","potentialAction":[{"@type":"ReadAction","target":["https:\/\/menorcawatertaxi.com\/fr\/contact\/"]}]},{"@type":"ImageObject","inLanguage":"fr-FR","@id":"https:\/\/menorcawatertaxi.com\/fr\/contact\/#primaryimage","url":"https:\/\/menorcawatertaxi.com\/wp-content\/uploads\/2024\/08\/Icono-telefono.jpg","contentUrl":"https:\/\/menorcawatertaxi.com\/wp-content\/uploads\/2024\/08\/Icono-telefono.jpg"},{"@type":"BreadcrumbList","@id":"https:\/\/menorcawatertaxi.com\/fr\/contact\/#breadcrumb","itemListElement":[{"@type":"ListItem","position":1,"name":"Portada","item":"https:\/\/menorcawatertaxi.com\/fr\/accueil\/"},{"@type":"ListItem","position":2,"name":"Contact"}]},{"@type":"WebSite","@id":"https:\/\/menorcawatertaxi.com\/#website","url":"https:\/\/menorcawatertaxi.com\/","name":"Menorca Water Taxi","description":"Servicio de trasnlado desde el puerto de Mahon","potentialAction":[{"@type":"SearchAction","target":{"@type":"EntryPoint","urlTemplate":"https:\/\/menorcawatertaxi.com\/?s={search_term_string}"},"query-input":{"@type":"PropertyValueSpecification","valueRequired":true,"valueName":"search_term_string"}}],"inLanguage":"fr-FR"}]}},"_links":{"self":[{"href":"https:\/\/menorcawatertaxi.com\/fr\/wp-json\/wp\/v2\/pages\/826","targetHints":{"allow":["GET"]}}],"collection":[{"href":"https:\/\/menorcawatertaxi.com\/fr\/wp-json\/wp\/v2\/pages"}],"about":[{"href":"https:\/\/menorcawatertaxi.com\/fr\/wp-json\/wp\/v2\/types\/page"}],"author":[{"embeddable":true,"href":"https:\/\/menorcawatertaxi.com\/fr\/wp-json\/wp\/v2\/users\/1"}],"replies":[{"embeddable":true,"href":"https:\/\/menorcawatertaxi.com\/fr\/wp-json\/wp\/v2\/comments?post=826"}],"version-history":[{"count":1,"href":"https:\/\/menorcawatertaxi.com\/fr\/wp-json\/wp\/v2\/pages\/826\/revisions"}],"predecessor-version":[{"id":828,"href":"https:\/\/menorcawatertaxi.com\/fr\/wp-json\/wp\/v2\/pages\/826\/revisions\/828"}],"wp:attachment":[{"href":"https:\/\/menorcawatertaxi.com\/fr\/wp-json\/wp\/v2\/media?parent=826"}],"curies":[{"name":"wp","href":"https:\/\/api.w.org\/{rel}","templated":true}]}}