{"id":791,"date":"2024-08-05T10:21:27","date_gmt":"2024-08-05T10:21:27","guid":{"rendered":"https:\/\/menorcawatertaxi.com\/accessibilita\/"},"modified":"2024-08-05T10:21:27","modified_gmt":"2024-08-05T10:21:27","slug":"accessibilita","status":"publish","type":"page","link":"https:\/\/menorcawatertaxi.com\/it\/accessibilita\/","title":{"rendered":"Accessibilit\u00e0"},"content":{"rendered":"\n[et_pb_section fb_built=&#8221;1&#8243; _builder_version=&#8221;4.27.0&#8243; _module_preset=&#8221;default&#8221; global_colors_info=&#8221;{}&#8221; theme_builder_area=&#8221;post_content&#8221;][et_pb_row _builder_version=&#8221;4.27.0&#8243; _module_preset=&#8221;default&#8221; global_colors_info=&#8221;{}&#8221; theme_builder_area=&#8221;post_content&#8221;][et_pb_column type=&#8221;4_4&#8243; _builder_version=&#8221;4.27.0&#8243; _module_preset=&#8221;default&#8221; global_colors_info=&#8221;{}&#8221; theme_builder_area=&#8221;post_content&#8221;][et_pb_text _builder_version=&#8221;4.27.0&#8243; _module_preset=&#8221;default&#8221; header_font=&#8221;DM Sans||||||||&#8221; header_text_align=&#8221;center&#8221; header_font_size=&#8221;36px&#8221; hover_enabled=&#8221;0&#8243; global_colors_info=&#8221;{}&#8221; theme_builder_area=&#8221;post_content&#8221; sticky_enabled=&#8221;0&#8243;]<h1>Dichiarazione di accessibilit\u00e0<\/h1>[\/et_pb_text][et_pb_text _builder_version=&#8221;4.27.0&#8243; _module_preset=&#8221;default&#8221; text_font=&#8221;DM Sans||||||||&#8221; hover_enabled=&#8221;0&#8243; global_colors_info=&#8221;{}&#8221; theme_builder_area=&#8221;post_content&#8221; sticky_enabled=&#8221;0&#8243;]<p>watertaximahon.com si impegna a rendere accessibile il proprio sito web in conformit\u00e0 al Regio Decreto 1112\/2018 del 7 settembre sull&#8217;accessibilit\u00e0 dei siti web del settore pubblico e delle applicazioni per dispositivi mobili (di seguito, Regio Decreto 1112\/2018 del 7 settembre).<\/p>\n<p>La presente dichiarazione di accessibilit\u00e0 si applica a<span> <\/span><strong>watertaximahon.com<\/strong><\/p>\n<p><strong><\/strong><\/p>\n<p><strong>STATO DI CONFORMIT\u00c0<\/strong><\/p>\n<p>Questo sito web \u00e8 parzialmente conforme al Decreto Reale 1112\/2018 del 7 settembre, a causa delle eccezioni e della non conformit\u00e0 dei seguenti aspetti.<\/p>\n<p>&nbsp;<\/p>\n<p><strong>CONTENUTO NON ACCESSIBILE<\/strong><\/p>\n<p>Il contenuto sottostante non \u00e8 accessibile per i seguenti motivi:<\/p>\n<p>Manca la conformit\u00e0 al Decreto Reale 1112\/2018 del 7 settembre: potrebbero esserci diversi errori di editing in alcune pagine web, sia nei contenuti HTML che nei documenti finali, pubblicati dopo il 20 settembre 2018.<\/p>\n<p>Onere sproporzionato: non applicabile.<\/p>\n<p>Il contenuto non rientra nell&#8217;ambito di applicazione della normativa vigente: potrebbero essere presenti file office in PDF o altri formati pubblicati prima del 20 settembre 2018 che non rispettano pienamente i requisiti di accessibilit\u00e0.<\/p>\n<p>&nbsp;<\/p>\n<p><strong>OBERAZIONI E CONTATTI<br>COMUNICAZIONI<\/strong><\/p>\n<p>Le comunicazioni sui requisiti di accessibilit\u00e0 (articolo 10.2.a del Regio Decreto 112\/2018 del 7 settembre) possono essere effettuate attraverso la seguente <a title=\"contatta la casella di posta elettronica\" href=\"https:\/\/menorcawatertaxi.com\/contacto\/\" role=\"link\">casella di posta elettronica<\/a>.<\/p>\n<p>Ad esempio:<\/p>\n<ul>\n<li>Per segnalare eventuali non conformit\u00e0 da parte di questo sito web.<\/li>\n<li>Convogliare altre difficolt\u00e0 di accesso ai contenuti.<\/li>\n<li>Per fare qualsiasi altra richiesta o suggerimento per migliorare l&#8217;accessibilit\u00e0 del sito web.<\/li>\n<\/ul>\n<p>Le comunicazioni saranno ricevute e trasferite dalla Direzione Generale per i Servizi Digitali e l&#8217;Esperienza del Cittadino, del Dipartimento della Vicepresidenza e delle Politiche Digitali e del Territorio, in qualit\u00e0 di Unit\u00e0 Responsabile dell&#8217;Accessibilit\u00e0 Web a livello regionale.<\/p>\n<p>&nbsp;<\/p>\n<p><strong>RICHIESTE DI INFORMAZIONI E RECLAMI ACCESSIBILI<\/strong><\/p>\n<p>Per effettuare richieste di informazioni accessibili e reclami (articolo 12 del Decreto Reale 1112\/2017 del 7 settembre) devi accedere a<a title=\"Contatto\" href=\"https:\/\/menorcawatertaxi.com\/contacto\/\" role=\"link\">&#8220;Contatti<\/a>&#8221; e scrivere un messaggio con il testo &#8220;Richiedi informazioni accessibili o fai un reclamo&#8221;.<\/p>\n<p>Qualsiasi persona fisica o giuridica pu\u00f2 presentare reclami in merito al rispetto dei requisiti del Regio Decreto 1112\/2018, del 7 settembre, e richiedere informazioni sui contenuti esclusi dall&#8217;ambito di applicazione di questo regolamento.<\/p>\n<p>Richieste e reclami che vengono registrati in conformit\u00e0 ai requisiti stabiliti dalla Legge 39\/2015 del 1 ottobre, sul procedimento amministrativo comune per le pubbliche amministrazioni.<\/p>\n<p>&nbsp;<\/p>\n<p><strong>PROCEDURA DI CANDIDATURA<\/strong><\/p>\n<p>La procedura di richiesta di cui all&#8217;articolo 13 del Decreto Reale 1112\/2018 del 7 settembre pu\u00f2 essere avviata nella procedura<a title=\"Contatto\" href=\"https:\/\/menorcawatertaxi.com\/contacto\/\" role=\"link\">&#8220;Contatti<\/a>&#8221; inviando un messaggio con il testo &#8220;Richiedi una richiesta&#8221;.<\/p>\n<p>Se una volta effettuata una richiesta di informazioni accessibili o un reclamo \u00e8 stata respinta, non sei d&#8217;accordo con la decisione presa o la risposta non soddisfa i requisiti di cui all&#8217;articolo 15.2 del Decreto Reale 1112\/2018 del 7 settembre, puoi avviare un reclamo tramite:<\/p>\n<ul>\n<li style=\"list-style-type: none;\">\n<ul>\n<li>Conosci e contrasta i motivi del rifiuto.<\/li>\n<li>Sollecitare l&#8217;adozione di misure appropriate in caso di disaccordo con la decisione presa.<\/li>\n<li>Indica i motivi per cui ritieni che la risposta non soddisfi i requisiti.<\/li>\n<\/ul>\n<\/li>\n<\/ul>[\/et_pb_text][\/et_pb_column][\/et_pb_row][\/et_pb_section]\n","protected":false},"excerpt":{"rendered":"<p>Dichiarazione di accessibilit\u00e0watertaximahon.com si impegna a rendere accessibile il proprio sito web in conformit\u00e0 al Regio Decreto 1112\/2018 del 7 settembre sull&#8217;accessibilit\u00e0 dei siti web del settore pubblico e delle applicazioni per dispositivi mobili (di seguito, Regio Decreto 1112\/2018 del 7 settembre). La presente dichiarazione di accessibilit\u00e0 si applica a watertaximahon.com STATO DI CONFORMIT\u00c0 Questo [&hellip;]<\/p>\n","protected":false},"author":1,"featured_media":0,"parent":0,"menu_order":0,"comment_status":"closed","ping_status":"closed","template":"","meta":{"_et_pb_use_builder":"on","_et_pb_old_content":"","_et_gb_content_width":"","footnotes":""},"class_list":["post-791","page","type-page","status-publish","hentry"],"yoast_head":"<!-- This site is optimized with the Yoast SEO plugin v27.4 - https:\/\/yoast.com\/product\/yoast-seo-wordpress\/ -->\n<title>Dichiarazione di accessibilit\u00e0 | Taxi acqueo di Minorca<\/title>\n<meta name=\"description\" content=\"Scopri come Menorca Water Taxi assicura che il suo sito web sia accessibile a tutti gli utenti, rispettando le normative vigenti.\" \/>\n<meta name=\"robots\" content=\"index, follow, max-snippet:-1, max-image-preview:large, max-video-preview:-1\" \/>\n<link rel=\"canonical\" href=\"https:\/\/menorcawatertaxi.com\/it\/accessibilita\/\" \/>\n<meta property=\"og:locale\" content=\"it_IT\" \/>\n<meta property=\"og:type\" content=\"article\" \/>\n<meta property=\"og:title\" content=\"Dichiarazione di accessibilit\u00e0 | Taxi acqueo di Minorca\" \/>\n<meta property=\"og:description\" content=\"Scopri come Menorca Water Taxi assicura che il suo sito web sia accessibile a tutti gli utenti, rispettando le normative vigenti.\" \/>\n<meta property=\"og:url\" content=\"https:\/\/menorcawatertaxi.com\/it\/accessibilita\/\" \/>\n<meta property=\"og:site_name\" content=\"Menorca Water Taxi\" \/>\n<meta name=\"twitter:card\" content=\"summary_large_image\" \/>\n<meta name=\"twitter:label1\" content=\"Tempo di lettura stimato\" \/>\n\t<meta name=\"twitter:data1\" content=\"3 minuti\" \/>\n<script type=\"application\/ld+json\" class=\"yoast-schema-graph\">{\"@context\":\"https:\\\/\\\/schema.org\",\"@graph\":[{\"@type\":\"WebPage\",\"@id\":\"https:\\\/\\\/menorcawatertaxi.com\\\/it\\\/accessibilita\\\/\",\"url\":\"https:\\\/\\\/menorcawatertaxi.com\\\/it\\\/accessibilita\\\/\",\"name\":\"Dichiarazione di accessibilit\u00e0 | Taxi acqueo di Minorca\",\"isPartOf\":{\"@id\":\"https:\\\/\\\/menorcawatertaxi.com\\\/#website\"},\"datePublished\":\"2024-08-05T10:21:27+00:00\",\"description\":\"Scopri come Menorca Water Taxi assicura che il suo sito web sia accessibile a tutti gli utenti, rispettando le normative vigenti.\",\"breadcrumb\":{\"@id\":\"https:\\\/\\\/menorcawatertaxi.com\\\/it\\\/accessibilita\\\/#breadcrumb\"},\"inLanguage\":\"it-IT\",\"potentialAction\":[{\"@type\":\"ReadAction\",\"target\":[\"https:\\\/\\\/menorcawatertaxi.com\\\/it\\\/accessibilita\\\/\"]}]},{\"@type\":\"BreadcrumbList\",\"@id\":\"https:\\\/\\\/menorcawatertaxi.com\\\/it\\\/accessibilita\\\/#breadcrumb\",\"itemListElement\":[{\"@type\":\"ListItem\",\"position\":1,\"name\":\"Portada\",\"item\":\"https:\\\/\\\/menorcawatertaxi.com\\\/it\\\/home\\\/\"},{\"@type\":\"ListItem\",\"position\":2,\"name\":\"Accessibilit\u00e0\"}]},{\"@type\":\"WebSite\",\"@id\":\"https:\\\/\\\/menorcawatertaxi.com\\\/#website\",\"url\":\"https:\\\/\\\/menorcawatertaxi.com\\\/\",\"name\":\"Menorca Water Taxi\",\"description\":\"Servicio de trasnlado desde el puerto de Mahon\",\"potentialAction\":[{\"@type\":\"SearchAction\",\"target\":{\"@type\":\"EntryPoint\",\"urlTemplate\":\"https:\\\/\\\/menorcawatertaxi.com\\\/?s={search_term_string}\"},\"query-input\":{\"@type\":\"PropertyValueSpecification\",\"valueRequired\":true,\"valueName\":\"search_term_string\"}}],\"inLanguage\":\"it-IT\"}]}<\/script>\n<!-- \/ Yoast SEO plugin. -->","yoast_head_json":{"title":"Dichiarazione di accessibilit\u00e0 | Taxi acqueo di Minorca","description":"Scopri come Menorca Water Taxi assicura che il suo sito web sia accessibile a tutti gli utenti, rispettando le normative vigenti.","robots":{"index":"index","follow":"follow","max-snippet":"max-snippet:-1","max-image-preview":"max-image-preview:large","max-video-preview":"max-video-preview:-1"},"canonical":"https:\/\/menorcawatertaxi.com\/it\/accessibilita\/","og_locale":"it_IT","og_type":"article","og_title":"Dichiarazione di accessibilit\u00e0 | Taxi acqueo di Minorca","og_description":"Scopri come Menorca Water Taxi assicura che il suo sito web sia accessibile a tutti gli utenti, rispettando le normative vigenti.","og_url":"https:\/\/menorcawatertaxi.com\/it\/accessibilita\/","og_site_name":"Menorca Water Taxi","twitter_card":"summary_large_image","twitter_misc":{"Tempo di lettura stimato":"3 minuti"},"schema":{"@context":"https:\/\/schema.org","@graph":[{"@type":"WebPage","@id":"https:\/\/menorcawatertaxi.com\/it\/accessibilita\/","url":"https:\/\/menorcawatertaxi.com\/it\/accessibilita\/","name":"Dichiarazione di accessibilit\u00e0 | Taxi acqueo di Minorca","isPartOf":{"@id":"https:\/\/menorcawatertaxi.com\/#website"},"datePublished":"2024-08-05T10:21:27+00:00","description":"Scopri come Menorca Water Taxi assicura che il suo sito web sia accessibile a tutti gli utenti, rispettando le normative vigenti.","breadcrumb":{"@id":"https:\/\/menorcawatertaxi.com\/it\/accessibilita\/#breadcrumb"},"inLanguage":"it-IT","potentialAction":[{"@type":"ReadAction","target":["https:\/\/menorcawatertaxi.com\/it\/accessibilita\/"]}]},{"@type":"BreadcrumbList","@id":"https:\/\/menorcawatertaxi.com\/it\/accessibilita\/#breadcrumb","itemListElement":[{"@type":"ListItem","position":1,"name":"Portada","item":"https:\/\/menorcawatertaxi.com\/it\/home\/"},{"@type":"ListItem","position":2,"name":"Accessibilit\u00e0"}]},{"@type":"WebSite","@id":"https:\/\/menorcawatertaxi.com\/#website","url":"https:\/\/menorcawatertaxi.com\/","name":"Menorca Water Taxi","description":"Servicio de trasnlado desde el puerto de Mahon","potentialAction":[{"@type":"SearchAction","target":{"@type":"EntryPoint","urlTemplate":"https:\/\/menorcawatertaxi.com\/?s={search_term_string}"},"query-input":{"@type":"PropertyValueSpecification","valueRequired":true,"valueName":"search_term_string"}}],"inLanguage":"it-IT"}]}},"_links":{"self":[{"href":"https:\/\/menorcawatertaxi.com\/it\/wp-json\/wp\/v2\/pages\/791","targetHints":{"allow":["GET"]}}],"collection":[{"href":"https:\/\/menorcawatertaxi.com\/it\/wp-json\/wp\/v2\/pages"}],"about":[{"href":"https:\/\/menorcawatertaxi.com\/it\/wp-json\/wp\/v2\/types\/page"}],"author":[{"embeddable":true,"href":"https:\/\/menorcawatertaxi.com\/it\/wp-json\/wp\/v2\/users\/1"}],"replies":[{"embeddable":true,"href":"https:\/\/menorcawatertaxi.com\/it\/wp-json\/wp\/v2\/comments?post=791"}],"version-history":[{"count":0,"href":"https:\/\/menorcawatertaxi.com\/it\/wp-json\/wp\/v2\/pages\/791\/revisions"}],"wp:attachment":[{"href":"https:\/\/menorcawatertaxi.com\/it\/wp-json\/wp\/v2\/media?parent=791"}],"curies":[{"name":"wp","href":"https:\/\/api.w.org\/{rel}","templated":true}]}}