{"id":793,"date":"2024-08-01T12:01:47","date_gmt":"2024-08-01T12:01:47","guid":{"rendered":"https:\/\/menorcawatertaxi.com\/informativa-sulla-privacy\/"},"modified":"2024-08-01T12:01:47","modified_gmt":"2024-08-01T12:01:47","slug":"informativa-sulla-privacy","status":"publish","type":"page","link":"https:\/\/menorcawatertaxi.com\/it\/informativa-sulla-privacy\/","title":{"rendered":"Informativa sulla privacy"},"content":{"rendered":"\n[et_pb_section fb_built=&#8221;1&#8243; _builder_version=&#8221;4.27.0&#8243; _module_preset=&#8221;default&#8221; global_colors_info=&#8221;{}&#8221; theme_builder_area=&#8221;post_content&#8221;][et_pb_row _builder_version=&#8221;4.27.0&#8243; _module_preset=&#8221;default&#8221; global_colors_info=&#8221;{}&#8221; theme_builder_area=&#8221;post_content&#8221;][et_pb_column type=&#8221;4_4&#8243; _builder_version=&#8221;4.27.0&#8243; _module_preset=&#8221;default&#8221; global_colors_info=&#8221;{}&#8221; theme_builder_area=&#8221;post_content&#8221;][et_pb_text _builder_version=&#8221;4.27.0&#8243; _module_preset=&#8221;default&#8221; header_font=&#8221;DM Sans||||||||&#8221; header_text_align=&#8221;center&#8221; header_font_size=&#8221;36px&#8221; hover_enabled=&#8221;0&#8243; global_colors_info=&#8221;{}&#8221; theme_builder_area=&#8221;post_content&#8221; sticky_enabled=&#8221;0&#8243;]<h1>Informativa sulla privacy<\/h1>[\/et_pb_text][et_pb_text _builder_version=&#8221;4.27.0&#8243; _module_preset=&#8221;default&#8221; text_font=&#8221;DM Sans||||||||&#8221; hover_enabled=&#8221;0&#8243; global_colors_info=&#8221;{}&#8221; theme_builder_area=&#8221;post_content&#8221; sticky_enabled=&#8221;0&#8243;]<p>Lo scopo della presente informativa \u00e8 quello di informare gli interessati sui vari trattamenti effettuati da questa organizzazione attraverso il sito web e che riguardano i loro dati personali in conformit\u00e0 con le disposizioni della Legge Organica 3\/2018, del 5 dicembre, sulla protezione dei dati personali e la garanzia dei diritti digitali e del Regolamento (UE) 2016\/679 del Parlamento Europeo e del Consiglio del 27 aprile 2016.<\/p>\n<p>&nbsp;<\/p>\n<ol>\n<li><strong>Identificazione del controllore<\/strong><\/li>\n<\/ol>\n<p>In conformit\u00e0 alla Legge 34\/2002 sui Servizi della Societ\u00e0 dell&#8217;Informazione e del Commercio Elettronico (LSSICE), ti informiamo che il titolare del dominio www.menorcawatertaxi.com corrisponde a Menorca Mar Charter SL &#8211; CIF B87580833 con domicilio fiscale a Mollle Lvant 96, 0771 Mah\u00f3n e sede legale a Gerifalte 122, 28232, Las Rozas (Madrid).<\/p>\n<p>Per consentire all&#8217;utente del Sito di contattare www.menorcawatertaxi.com, sono disponibili il seguente indirizzo e-mail: info@menorcawatertaxi.com e il numero di telefono 606501111.<\/p>\n<p>&nbsp;<\/p>\n<ol start=\"2\">\n<li><strong>Finalit\u00e0 del trattamento dei tuoi dati personali<\/strong><\/li>\n<\/ol>\n<p>UTENTI\/NAVIGATORI DEL SITO WEB DEL RESPONSABILE. Tratteremo i tuoi dati personali forniti attraverso i nostri moduli web al fine di: <\/p>\n<p>Per gestire richieste, reclami e incidenti trasferiti attraverso i nostri canali di contatto incorporati nel sito web.<\/p>\n<p>Per comprendere il comportamento dei navigatori all&#8217;interno del sito web al fine di individuare eventuali attacchi informatici al nostro sito.<\/p>\n<p>Per adempiere agli obblighi di legge che ci sono direttamente applicabili e che regolano la nostra attivit\u00e0.<\/p>\n<p>Per proteggere ed esercitare i nostri diritti o rispondere a reclami di qualsiasi tipo.<\/p>\n<p>Ove opportuno, invio di comunicazioni commerciali relative ai beni o servizi che compongono la nostra attivit\u00e0, e\/o notizie o bollettini relativi al nostro settore.<\/p>\n<p>Gestire, amministrare e supervisionare la tua attivit\u00e0 nel blog\/forum incorporato.<\/p>\n<p>&nbsp;<\/p>\n<ol start=\"3\">\n<li><strong>Base giuridica del trattamento<\/strong><\/li>\n<\/ol>\n<p>UTENTI\/NAVIGATORI SUL SITO WEB DELLA PARTE RESPONSABILE.<\/p>\n<p>Nel consenso ci hai dato la possibilit\u00e0 di trattare i tuoi dati per le finalit\u00e0 indicate. Il rifiuto di fornire i tuoi dati personali comporter\u00e0 l&#8217;impossibilit\u00e0 di trattare i tuoi dati per le finalit\u00e0 sopra indicate. <\/p>\n<p>Per adempiere agli obblighi di legge che ci competono. In questo caso, l&#8217;interessato non pu\u00f2 opporsi al trattamento dei dati personali. <\/p>\n<p>Nel nostro legittimo interesse a proteggere la nostra immagine, la nostra attivit\u00e0 e la nostra reputazione, prevenendo gli attacchi al nostro sito web. In questo caso, l&#8217;interessato non pu\u00f2 rifiutare il trattamento dei dati personali, ma pu\u00f2 esercitare, se del caso, i diritti riconosciuti nella sezione otto della presente informativa. <\/p>\n<p>&nbsp;<\/p>\n<ol start=\"4\">\n<li><strong>Periodi o criteri di conservazione dei dati<\/strong><\/li>\n<\/ol>\n<p>I dati personali forniti saranno conservati per il tempo necessario a soddisfare le finalit\u00e0 per cui sono stati inizialmente raccolti. Una volta che i dati non sono pi\u00f9 necessari per il trattamento in questione, saranno conservati debitamente bloccati al fine di, se del caso, renderli disponibili alle Pubbliche Amministrazioni e agli Enti competenti, ai Giudici e ai Tribunali o alla Procura della Repubblica, durante il periodo di prescrizione di eventuali azioni che possono derivare dal rapporto intrattenuto con il cliente e\/o dai periodi di conservazione legalmente stabiliti. <\/p>\n<p>&nbsp;<\/p>\n<ol start=\"5\">\n<li><strong>Decisioni automatizzate e profilazione<\/strong><\/li>\n<\/ol>\n<p>Il sito non prende decisioni automatiche n\u00e9 crea profili.<\/p>\n<p>&nbsp;<\/p>\n<ol start=\"6\">\n<li><strong>Destinatari<\/strong><\/li>\n<\/ol>\n<p>Per la durata del trattamento dei tuoi dati personali, l&#8217;organizzazione potr\u00e0 trasferire i tuoi dati ai seguenti destinatari:<\/p>\n<p>\u2794 Giudici e tribunali.<\/p>\n<p>\u2794 Forze e corpi di sicurezza dello Stato.<\/p>\n<p>Altre autorit\u00e0 o enti pubblici competenti, qualora il responsabile del trattamento abbia l&#8217;obbligo legale di fornire i dati personali.<\/p>\n<p>&nbsp;<\/p>\n<ol start=\"7\">\n<li><strong>Trasferimenti internazionali di dati<\/strong><\/li>\n<\/ol>\n<p>L&#8217;organizzazione non effettua alcun trasferimento internazionale di dati.<\/p>\n<p>&nbsp;<\/p>\n<ol start=\"8\">\n<li><strong>Diritti<\/strong><\/li>\n<\/ol>\n<p>Gli interessati possono, in qualsiasi momento e gratuitamente, esercitare i diritti di accesso, rettifica e cancellazione, nonch\u00e9 richiedere la limitazione del trattamento dei propri dati personali, opporsi al trattamento, richiedere la portabilit\u00e0 dei propri dati personali (ove tecnicamente possibile) o revocare il consenso prestato e, se del caso, ove applicabile, non essere soggetti a una decisione basata esclusivamente sul trattamento automatizzato, compresa la profilazione.<\/p>\n<p>Per farlo, puoi utilizzare i moduli forniti dall&#8217;organizzazione o inviare una lettera all&#8217;indirizzo postale o all&#8217;indirizzo e-mail indicato sopra. In ogni caso, la domanda deve essere accompagnata da una fotocopia della carta d&#8217;identit\u00e0 o di un documento equivalente, al fine di dimostrare la tua identit\u00e0. <\/p>\n<p>Nel caso in cui tu ritenga che i tuoi diritti in materia di protezione dei dati personali siano stati violati, in particolare se non hai ottenuto soddisfazione nell&#8217;esercizio dei tuoi diritti, puoi presentare un reclamo all&#8217;Autorit\u00e0 di controllo della protezione dei dati personali competente (Agenzia spagnola per la protezione dei dati), attraverso il suo sito web: www.agpd.es.<\/p>\n<p>In conformit\u00e0 con le disposizioni dell&#8217;articolo 21 della Legge 34\/2002 sui servizi della societ\u00e0 dell&#8217;informazione e del commercio elettronico, se non desideri pi\u00f9 ricevere informazioni sui nostri servizi, puoi annullare l&#8217;iscrizione inviando un&#8217;e-mail a info@menorcawatertaxi.com con oggetto &#8220;UNSUBSCRIBE&#8221;.<\/p>\n<p>&nbsp;<\/p>\n<ol start=\"9\">\n<li><strong>Veridicit\u00e0 dei dati<\/strong><\/li>\n<\/ol>\n<p>L&#8217;interessato garantisce che i dati forniti sono veritieri, accurati, completi e aggiornati; si impegna a comunicare qualsiasi variazione rispetto ai dati forniti, attraverso i canali previsti a tal fine e indicati al punto uno della presente informativa. Sar\u00e0 responsabile di qualsiasi danno o pregiudizio, sia diretto che indiretto, che possa essere causato dall&#8217;inosservanza di tale obbligo. <\/p>\n<p>Nel caso in cui l&#8217;utente fornisca dati di terzi, dichiara di avere il consenso degli interessati e si impegna a fornire loro le informazioni contenute nella presente clausola, esonerando l&#8217;organizzazione da qualsiasi responsabilit\u00e0 derivante dal mancato rispetto di tale obbligo.<\/p>\n<p>&nbsp;<\/p>\n<ol start=\"10\">\n<li><strong>I social media<\/strong><\/li>\n<\/ol>\n<p>I social network fanno parte della vita quotidiana di molti utenti di Internet e per loro l&#8217;Entit\u00e0 ha creato diversi profili in alcuni di essi.<\/p>\n<p>Tutti gli utenti che visitano il nostro sito web hanno la possibilit\u00e0 di iscriversi ai nostri social network o gruppi.<\/p>\n<p>Tuttavia, devi tenere presente che, a meno che non ti richiediamo direttamente i tuoi dati (ad esempio, attraverso azioni di marketing, concorsi, promozioni o qualsiasi altra forma valida), i tuoi dati apparterranno al Social Network corrispondente, pertanto ti consigliamo di leggere attentamente le sue condizioni d&#8217;uso e le sue politiche sulla privacy, nonch\u00e9 di assicurarti di configurare le tue preferenze in merito al trattamento dei dati.<\/p>\n<p>&nbsp;<\/p>\n<ol start=\"11\">\n<li><strong>Modifiche\/aggiornamenti<\/strong><\/li>\n<\/ol>\n<p>La presente informativa sulla privacy pu\u00f2 essere modificata\/aggiornata in base ai requisiti legali stabiliti o allo scopo di adattare tale informativa alle istruzioni emanate dall&#8217;Agenzia spagnola per la protezione dei dati o alle modifiche apportate al nostro sito web. Per questo motivo, consigliamo agli utenti di visitare periodicamente la nostra informativa sulla privacy. <\/p>\n<p>Se hai dubbi su questa politica, puoi contattare Menorca Water Taxi al seguente indirizzo e-mail: info@menorcawatertaxi.com.<\/p>[\/et_pb_text][\/et_pb_column][\/et_pb_row][\/et_pb_section]\n","protected":false},"excerpt":{"rendered":"<p>Informativa sulla privacyLo scopo della presente informativa \u00e8 quello di informare gli interessati sui vari trattamenti effettuati da questa organizzazione attraverso il sito web e che riguardano i loro dati personali in conformit\u00e0 con le disposizioni della Legge Organica 3\/2018, del 5 dicembre, sulla protezione dei dati personali e la garanzia dei diritti digitali e [&hellip;]<\/p>\n","protected":false},"author":1,"featured_media":0,"parent":0,"menu_order":0,"comment_status":"closed","ping_status":"closed","template":"","meta":{"_et_pb_use_builder":"on","_et_pb_old_content":"","_et_gb_content_width":"","footnotes":""},"class_list":["post-793","page","type-page","status-publish","hentry"],"yoast_head":"<!-- This site is optimized with the Yoast SEO plugin v27.4 - https:\/\/yoast.com\/product\/yoast-seo-wordpress\/ -->\n<title>Informativa sulla privacy | Menorca Water Taxi<\/title>\n<meta name=\"description\" content=\"Scopri come Menorca Water Taxi tratta e protegge i tuoi dati personali. Leggi la nostra informativa sulla privacy per avere informazioni dettagliate e aggiornate.\" \/>\n<meta name=\"robots\" content=\"index, follow, max-snippet:-1, max-image-preview:large, max-video-preview:-1\" \/>\n<link rel=\"canonical\" href=\"https:\/\/menorcawatertaxi.com\/it\/informativa-sulla-privacy\/\" \/>\n<meta property=\"og:locale\" content=\"it_IT\" \/>\n<meta property=\"og:type\" content=\"article\" \/>\n<meta property=\"og:title\" content=\"Informativa sulla privacy | Menorca Water Taxi\" \/>\n<meta property=\"og:description\" content=\"Scopri come Menorca Water Taxi tratta e protegge i tuoi dati personali. Leggi la nostra informativa sulla privacy per avere informazioni dettagliate e aggiornate.\" \/>\n<meta property=\"og:url\" content=\"https:\/\/menorcawatertaxi.com\/it\/informativa-sulla-privacy\/\" \/>\n<meta property=\"og:site_name\" content=\"Menorca Water Taxi\" \/>\n<meta name=\"twitter:card\" content=\"summary_large_image\" \/>\n<meta name=\"twitter:label1\" content=\"Tempo di lettura stimato\" \/>\n\t<meta name=\"twitter:data1\" content=\"6 minuti\" \/>\n<script type=\"application\/ld+json\" class=\"yoast-schema-graph\">{\"@context\":\"https:\\\/\\\/schema.org\",\"@graph\":[{\"@type\":\"WebPage\",\"@id\":\"https:\\\/\\\/menorcawatertaxi.com\\\/it\\\/informativa-sulla-privacy\\\/\",\"url\":\"https:\\\/\\\/menorcawatertaxi.com\\\/it\\\/informativa-sulla-privacy\\\/\",\"name\":\"Informativa sulla privacy | Menorca Water Taxi\",\"isPartOf\":{\"@id\":\"https:\\\/\\\/menorcawatertaxi.com\\\/#website\"},\"datePublished\":\"2024-08-01T12:01:47+00:00\",\"description\":\"Scopri come Menorca Water Taxi tratta e protegge i tuoi dati personali. Leggi la nostra informativa sulla privacy per avere informazioni dettagliate e aggiornate.\",\"breadcrumb\":{\"@id\":\"https:\\\/\\\/menorcawatertaxi.com\\\/it\\\/informativa-sulla-privacy\\\/#breadcrumb\"},\"inLanguage\":\"it-IT\",\"potentialAction\":[{\"@type\":\"ReadAction\",\"target\":[\"https:\\\/\\\/menorcawatertaxi.com\\\/it\\\/informativa-sulla-privacy\\\/\"]}]},{\"@type\":\"BreadcrumbList\",\"@id\":\"https:\\\/\\\/menorcawatertaxi.com\\\/it\\\/informativa-sulla-privacy\\\/#breadcrumb\",\"itemListElement\":[{\"@type\":\"ListItem\",\"position\":1,\"name\":\"Portada\",\"item\":\"https:\\\/\\\/menorcawatertaxi.com\\\/it\\\/home\\\/\"},{\"@type\":\"ListItem\",\"position\":2,\"name\":\"Informativa sulla privacy\"}]},{\"@type\":\"WebSite\",\"@id\":\"https:\\\/\\\/menorcawatertaxi.com\\\/#website\",\"url\":\"https:\\\/\\\/menorcawatertaxi.com\\\/\",\"name\":\"Menorca Water Taxi\",\"description\":\"Servicio de trasnlado desde el puerto de Mahon\",\"potentialAction\":[{\"@type\":\"SearchAction\",\"target\":{\"@type\":\"EntryPoint\",\"urlTemplate\":\"https:\\\/\\\/menorcawatertaxi.com\\\/?s={search_term_string}\"},\"query-input\":{\"@type\":\"PropertyValueSpecification\",\"valueRequired\":true,\"valueName\":\"search_term_string\"}}],\"inLanguage\":\"it-IT\"}]}<\/script>\n<!-- \/ Yoast SEO plugin. -->","yoast_head_json":{"title":"Informativa sulla privacy | Menorca Water Taxi","description":"Scopri come Menorca Water Taxi tratta e protegge i tuoi dati personali. Leggi la nostra informativa sulla privacy per avere informazioni dettagliate e aggiornate.","robots":{"index":"index","follow":"follow","max-snippet":"max-snippet:-1","max-image-preview":"max-image-preview:large","max-video-preview":"max-video-preview:-1"},"canonical":"https:\/\/menorcawatertaxi.com\/it\/informativa-sulla-privacy\/","og_locale":"it_IT","og_type":"article","og_title":"Informativa sulla privacy | Menorca Water Taxi","og_description":"Scopri come Menorca Water Taxi tratta e protegge i tuoi dati personali. Leggi la nostra informativa sulla privacy per avere informazioni dettagliate e aggiornate.","og_url":"https:\/\/menorcawatertaxi.com\/it\/informativa-sulla-privacy\/","og_site_name":"Menorca Water Taxi","twitter_card":"summary_large_image","twitter_misc":{"Tempo di lettura stimato":"6 minuti"},"schema":{"@context":"https:\/\/schema.org","@graph":[{"@type":"WebPage","@id":"https:\/\/menorcawatertaxi.com\/it\/informativa-sulla-privacy\/","url":"https:\/\/menorcawatertaxi.com\/it\/informativa-sulla-privacy\/","name":"Informativa sulla privacy | Menorca Water Taxi","isPartOf":{"@id":"https:\/\/menorcawatertaxi.com\/#website"},"datePublished":"2024-08-01T12:01:47+00:00","description":"Scopri come Menorca Water Taxi tratta e protegge i tuoi dati personali. Leggi la nostra informativa sulla privacy per avere informazioni dettagliate e aggiornate.","breadcrumb":{"@id":"https:\/\/menorcawatertaxi.com\/it\/informativa-sulla-privacy\/#breadcrumb"},"inLanguage":"it-IT","potentialAction":[{"@type":"ReadAction","target":["https:\/\/menorcawatertaxi.com\/it\/informativa-sulla-privacy\/"]}]},{"@type":"BreadcrumbList","@id":"https:\/\/menorcawatertaxi.com\/it\/informativa-sulla-privacy\/#breadcrumb","itemListElement":[{"@type":"ListItem","position":1,"name":"Portada","item":"https:\/\/menorcawatertaxi.com\/it\/home\/"},{"@type":"ListItem","position":2,"name":"Informativa sulla privacy"}]},{"@type":"WebSite","@id":"https:\/\/menorcawatertaxi.com\/#website","url":"https:\/\/menorcawatertaxi.com\/","name":"Menorca Water Taxi","description":"Servicio de trasnlado desde el puerto de Mahon","potentialAction":[{"@type":"SearchAction","target":{"@type":"EntryPoint","urlTemplate":"https:\/\/menorcawatertaxi.com\/?s={search_term_string}"},"query-input":{"@type":"PropertyValueSpecification","valueRequired":true,"valueName":"search_term_string"}}],"inLanguage":"it-IT"}]}},"_links":{"self":[{"href":"https:\/\/menorcawatertaxi.com\/it\/wp-json\/wp\/v2\/pages\/793","targetHints":{"allow":["GET"]}}],"collection":[{"href":"https:\/\/menorcawatertaxi.com\/it\/wp-json\/wp\/v2\/pages"}],"about":[{"href":"https:\/\/menorcawatertaxi.com\/it\/wp-json\/wp\/v2\/types\/page"}],"author":[{"embeddable":true,"href":"https:\/\/menorcawatertaxi.com\/it\/wp-json\/wp\/v2\/users\/1"}],"replies":[{"embeddable":true,"href":"https:\/\/menorcawatertaxi.com\/it\/wp-json\/wp\/v2\/comments?post=793"}],"version-history":[{"count":0,"href":"https:\/\/menorcawatertaxi.com\/it\/wp-json\/wp\/v2\/pages\/793\/revisions"}],"wp:attachment":[{"href":"https:\/\/menorcawatertaxi.com\/it\/wp-json\/wp\/v2\/media?parent=793"}],"curies":[{"name":"wp","href":"https:\/\/api.w.org\/{rel}","templated":true}]}}