{"id":806,"date":"2024-08-01T11:58:34","date_gmt":"2024-08-01T11:58:34","guid":{"rendered":"https:\/\/menorcawatertaxi.com\/avvertimento-legale\/"},"modified":"2024-08-01T11:58:34","modified_gmt":"2024-08-01T11:58:34","slug":"avvertimento-legale","status":"publish","type":"page","link":"https:\/\/menorcawatertaxi.com\/it\/avvertimento-legale\/","title":{"rendered":"Avvertimento legale"},"content":{"rendered":"\n[et_pb_section fb_built=&#8221;1&#8243; _builder_version=&#8221;4.27.0&#8243; _module_preset=&#8221;default&#8221; global_colors_info=&#8221;{}&#8221; theme_builder_area=&#8221;post_content&#8221;][et_pb_row _builder_version=&#8221;4.27.0&#8243; _module_preset=&#8221;default&#8221; global_colors_info=&#8221;{}&#8221; theme_builder_area=&#8221;post_content&#8221;][et_pb_column type=&#8221;4_4&#8243; _builder_version=&#8221;4.27.0&#8243; _module_preset=&#8221;default&#8221; global_colors_info=&#8221;{}&#8221; theme_builder_area=&#8221;post_content&#8221;][et_pb_text _builder_version=&#8221;4.27.0&#8243; _module_preset=&#8221;default&#8221; header_font=&#8221;DM Sans||||||||&#8221; header_text_align=&#8221;center&#8221; header_font_size=&#8221;36px&#8221; hover_enabled=&#8221;0&#8243; global_colors_info=&#8221;{}&#8221; theme_builder_area=&#8221;post_content&#8221; sticky_enabled=&#8221;0&#8243;]<h1>Avviso legale<\/h1>[\/et_pb_text][et_pb_text _builder_version=&#8221;4.27.0&#8243; _module_preset=&#8221;default&#8221; text_font=&#8221;DM Sans||||||||&#8221; hover_enabled=&#8221;0&#8243; global_colors_info=&#8221;{}&#8221; theme_builder_area=&#8221;post_content&#8221; sticky_enabled=&#8221;0&#8243;]<ol>\n<li><strong>Propriet\u00e0:<\/strong><\/li>\n<\/ol>\n<p>Ai sensi della Legge 34\/2002 sui Servizi della Societ\u00e0 dell&#8217;Informazione e del Commercio Elettronico (LSSICE) ti informiamo che il titolare del dominio www.menorcawatertaxi.com corrisponde a Menorca Mar Charter &#8211; CIF B87580833 con domicilio fiscale a Mollle Lvant 96, 0771 Mah\u00f3n e sede legale a Gerifalte 122, 28232 Las Rozas, Madrid.<\/p>\n<p>Per consentire all&#8217;utente del Sito di contattare www.menorcawatertaxi.com, sono disponibili il seguente indirizzo e-mail: info@menorcawatertaxi.com e il numero di telefono 606501111.<\/p>\n<p>\u00c8 esclusiva responsabilit\u00e0 dell&#8217;utente conoscere e osservare, nell&#8217;uso del Sito web e dei suoi materiali e contenuti, tutte le leggi e le disposizioni applicabili, nonch\u00e9 leggere l&#8217;Avviso legale e l&#8217;Informativa sulla privacy prima di accedere e utilizzare il Sito web. \u00c8 inoltre responsabilit\u00e0 dell&#8217;utente rivedere periodicamente le Condizioni d&#8217;uso e l&#8217;Informativa sulla privacy, nel caso in cui www.menorcawatertaxi.com abbia introdotto, se del caso, modifiche alle stesse. <\/p>\n<p>L&#8217;utilizzo del Sito web implica l&#8217;accettazione da parte dell&#8217;utente di tutte le condizioni generali incluse nel presente Avviso legale e l&#8217;accettazione della Politica sulla privacy. Se l&#8217;utente non accetta di rispettare i termini e le condizioni dell&#8217;Avviso Legale, non deve utilizzare il Sito web. <\/p>\n<p>&nbsp;<\/p>\n<ol start=\"2\">\n<li><strong>Diritto all&#8217;informazione:<\/strong><\/li>\n<\/ol>\n<p>Menorca WATER TAXI &#8211; CIF B87580833, garantisce la protezione di tutti i dati personali forniti dall&#8217;Utente sul Sito Web www.menorcawatertaxi.com e, in conformit\u00e0 con le disposizioni della Legge Organica 15\/1999, del 13 dicembre, sulla Protezione dei Dati Personali, del Decreto Legislativo 1720\/2007 del 21 dicembre e di altre normative applicabili, informa che:<\/p>\n<ul>\n<li>Tutti i dati personali forniti saranno trattati in conformit\u00e0 con la Legge Organica 15\/1999 del 13 dicembre sulla Protezione dei Dati Personali e con il Decreto Legislativo 1720\/2007 del 21 dicembre e saranno inseriti nell&#8217;archivio CLIENTI, creato e mantenuto sotto la responsabilit\u00e0 di Menorca WATER TAXI &#8211; CIF B87580833. Questo file \u00e8 stato debitamente registrato presso l&#8217;Agenzia Spagnola per la Protezione dei Dati.<\/li>\n<li>I dati vengono raccolti per le seguenti finalit\u00e0: gestione dei clienti, contabile, fiscale e amministrativa; pubblicit\u00e0 e prospezione commerciale; analisi dei profili e commercio elettronico.<\/li>\n<\/ul>\n<p>Menorca WATER TAXI &#8211; CIF B87580833 responsabile del file, si impegna a non utilizzare i dati per uno scopo diverso da quello per cui sono stati raccolti o a trasferirli illegittimamente a terzi. Si impegna inoltre a trattare i tuoi dati in modo confidenziale e ad applicare le misure tecniche, organizzative e di sicurezza necessarie per impedirne il trattamento o l&#8217;accesso non autorizzato, in conformit\u00e0 con la legislazione vigente in materia di protezione dei dati, nonch\u00e9 a imporre gli obblighi relativi al trattamento dei dati e alla riservatezza al personale incaricato di fornire il servizio.<\/p>\n<p>&nbsp;<\/p>\n<p>Nella raccolta e nell&#8217;elaborazione dei dati personali, sono state adottate misure di sicurezza adeguate per prevenire la perdita, l&#8217;accesso non autorizzato o la manipolazione, in conformit\u00e0 con le disposizioni del Decreto Reale 1720\/2007 del 21 dicembre 2007 e della Legge sulla Protezione dei Dati.<\/p>\n<p>&nbsp;<\/p>\n<ol start=\"3\">\n<li><strong>Consenso:<\/strong><\/li>\n<\/ol>\n<p>L&#8217;invio di dati personali, attraverso l&#8217;utilizzo dei moduli elettronici presenti sul sito web www.menorcawatertaxi.com o, se del caso, di messaggi di posta elettronica, implica l&#8217;espresso consenso del mittente al trattamento automatizzato dei dati inseriti nei mezzi di comunicazione indicati, per le finalit\u00e0 sopra descritte nonch\u00e9 per l&#8217;invio di comunicazioni elettroniche con informazioni sui servizi forniti. Allo stesso modo, compilando i moduli, l&#8217;Utente riconosce di avere pi\u00f9 di 14 anni e di avere quindi la capacit\u00e0 giuridica necessaria per dare il consenso al trattamento dei suoi dati personali, in conformit\u00e0 con le disposizioni della presente Informativa sulla privacy. <\/p>\n<p>Si informa che i dati personali relativi al cliente, cos\u00ec come i contratti e i dati relativi agli ordini saranno conservati per il minor tempo possibile da Menorca WATER TAXI &#8211; CIF B87580833 per adempiere agli obblighi fiscali e alla garanzia del prodotto, essendo registrati per un periodo di 4 anni, ed essendo sempre soggetti al diritto di accesso, opposizione, modifica e cancellazione dell&#8217;utente.<\/p>\n<p>&nbsp;<\/p>\n<ol start=\"4\">\n<li><strong>Diritti di accesso, rettifica, opposizione e cancellazione degli utenti:<\/strong><\/li>\n<\/ol>\n<p>Gli interessati hanno il diritto di accesso, rettifica, cancellazione e opposizione dei propri dati personali o dei dati relativi a informazioni, ordini e contatti di qualsiasi tipo, nonch\u00e9 il diritto di revocare il consenso per una qualsiasi delle suddette finalit\u00e0. Per esercitare tali diritti, gli interessati possono inviare una richiesta scritta per posta a Moll Llevant 96, 0771 Mah\u00f3n, o contattando info@menorcawatertaxi.com, allegando in entrambi i casi una fotocopia del proprio DNI\/NIF o del documento che ne attesti l&#8217;identit\u00e0. <\/p>\n<p>Gli utenti saranno in ogni caso responsabili della veridicit\u00e0 dei dati forniti e la Societ\u00e0 si riserva il diritto di escludere dai servizi registrati gli utenti che abbiano fornito dati falsi o errati, fatte salve eventuali altre azioni applicabili per legge.<\/p>\n<p>&nbsp;<\/p>\n<p>La presente Informativa sulla Privacy potr\u00e0 essere modificata in stretta osservanza dei possibili cambiamenti legislativi che potrebbero verificarsi, nonch\u00e9 delle linee guida emanate dall&#8217;Agenzia Spagnola per la Protezione dei Dati.<\/p>[\/et_pb_text][\/et_pb_column][\/et_pb_row][\/et_pb_section]\n","protected":false},"excerpt":{"rendered":"<p>Avviso legale Propriet\u00e0: Ai sensi della Legge 34\/2002 sui Servizi della Societ\u00e0 dell&#8217;Informazione e del Commercio Elettronico (LSSICE) ti informiamo che il titolare del dominio www.menorcawatertaxi.com corrisponde a Menorca Mar Charter &#8211; CIF B87580833 con domicilio fiscale a Mollle Lvant 96, 0771 Mah\u00f3n e sede legale a Gerifalte 122, 28232 Las Rozas, Madrid. Per consentire [&hellip;]<\/p>\n","protected":false},"author":1,"featured_media":0,"parent":0,"menu_order":0,"comment_status":"closed","ping_status":"closed","template":"","meta":{"_et_pb_use_builder":"on","_et_pb_old_content":"","_et_gb_content_width":"","footnotes":""},"class_list":["post-806","page","type-page","status-publish","hentry"],"yoast_head":"<!-- This site is optimized with the Yoast SEO plugin v27.4 - https:\/\/yoast.com\/product\/yoast-seo-wordpress\/ -->\n<title>Avviso Legale | Taxi Nautico di Minorca<\/title>\n<meta name=\"description\" content=\"Leggi la nostra nota legale per informazioni sull&#039;utilizzo del sito web, sulla protezione dei dati e sulle normative vigenti. Trasparenza garantita.\" \/>\n<meta name=\"robots\" content=\"index, follow, max-snippet:-1, max-image-preview:large, max-video-preview:-1\" \/>\n<link rel=\"canonical\" href=\"https:\/\/menorcawatertaxi.com\/it\/avvertimento-legale\/\" \/>\n<meta property=\"og:locale\" content=\"it_IT\" \/>\n<meta property=\"og:type\" content=\"article\" \/>\n<meta property=\"og:title\" content=\"Avviso Legale | Taxi Nautico di Minorca\" \/>\n<meta property=\"og:description\" content=\"Leggi la nostra nota legale per informazioni sull&#039;utilizzo del sito web, sulla protezione dei dati e sulle normative vigenti. Trasparenza garantita.\" \/>\n<meta property=\"og:url\" content=\"https:\/\/menorcawatertaxi.com\/it\/avvertimento-legale\/\" \/>\n<meta property=\"og:site_name\" content=\"Menorca Water Taxi\" \/>\n<meta name=\"twitter:card\" content=\"summary_large_image\" \/>\n<meta name=\"twitter:label1\" content=\"Tempo di lettura stimato\" \/>\n\t<meta name=\"twitter:data1\" content=\"5 minuti\" \/>\n<script type=\"application\/ld+json\" class=\"yoast-schema-graph\">{\"@context\":\"https:\\\/\\\/schema.org\",\"@graph\":[{\"@type\":\"WebPage\",\"@id\":\"https:\\\/\\\/menorcawatertaxi.com\\\/it\\\/avvertimento-legale\\\/\",\"url\":\"https:\\\/\\\/menorcawatertaxi.com\\\/it\\\/avvertimento-legale\\\/\",\"name\":\"Avviso Legale | Taxi Nautico di Minorca\",\"isPartOf\":{\"@id\":\"https:\\\/\\\/menorcawatertaxi.com\\\/#website\"},\"datePublished\":\"2024-08-01T11:58:34+00:00\",\"description\":\"Leggi la nostra nota legale per informazioni sull'utilizzo del sito web, sulla protezione dei dati e sulle normative vigenti. Trasparenza garantita.\",\"breadcrumb\":{\"@id\":\"https:\\\/\\\/menorcawatertaxi.com\\\/it\\\/avvertimento-legale\\\/#breadcrumb\"},\"inLanguage\":\"it-IT\",\"potentialAction\":[{\"@type\":\"ReadAction\",\"target\":[\"https:\\\/\\\/menorcawatertaxi.com\\\/it\\\/avvertimento-legale\\\/\"]}]},{\"@type\":\"BreadcrumbList\",\"@id\":\"https:\\\/\\\/menorcawatertaxi.com\\\/it\\\/avvertimento-legale\\\/#breadcrumb\",\"itemListElement\":[{\"@type\":\"ListItem\",\"position\":1,\"name\":\"Portada\",\"item\":\"https:\\\/\\\/menorcawatertaxi.com\\\/it\\\/home\\\/\"},{\"@type\":\"ListItem\",\"position\":2,\"name\":\"Avvertimento legale\"}]},{\"@type\":\"WebSite\",\"@id\":\"https:\\\/\\\/menorcawatertaxi.com\\\/#website\",\"url\":\"https:\\\/\\\/menorcawatertaxi.com\\\/\",\"name\":\"Menorca Water Taxi\",\"description\":\"Servicio de trasnlado desde el puerto de Mahon\",\"potentialAction\":[{\"@type\":\"SearchAction\",\"target\":{\"@type\":\"EntryPoint\",\"urlTemplate\":\"https:\\\/\\\/menorcawatertaxi.com\\\/?s={search_term_string}\"},\"query-input\":{\"@type\":\"PropertyValueSpecification\",\"valueRequired\":true,\"valueName\":\"search_term_string\"}}],\"inLanguage\":\"it-IT\"}]}<\/script>\n<!-- \/ Yoast SEO plugin. -->","yoast_head_json":{"title":"Avviso Legale | Taxi Nautico di Minorca","description":"Leggi la nostra nota legale per informazioni sull'utilizzo del sito web, sulla protezione dei dati e sulle normative vigenti. Trasparenza garantita.","robots":{"index":"index","follow":"follow","max-snippet":"max-snippet:-1","max-image-preview":"max-image-preview:large","max-video-preview":"max-video-preview:-1"},"canonical":"https:\/\/menorcawatertaxi.com\/it\/avvertimento-legale\/","og_locale":"it_IT","og_type":"article","og_title":"Avviso Legale | Taxi Nautico di Minorca","og_description":"Leggi la nostra nota legale per informazioni sull'utilizzo del sito web, sulla protezione dei dati e sulle normative vigenti. Trasparenza garantita.","og_url":"https:\/\/menorcawatertaxi.com\/it\/avvertimento-legale\/","og_site_name":"Menorca Water Taxi","twitter_card":"summary_large_image","twitter_misc":{"Tempo di lettura stimato":"5 minuti"},"schema":{"@context":"https:\/\/schema.org","@graph":[{"@type":"WebPage","@id":"https:\/\/menorcawatertaxi.com\/it\/avvertimento-legale\/","url":"https:\/\/menorcawatertaxi.com\/it\/avvertimento-legale\/","name":"Avviso Legale | Taxi Nautico di Minorca","isPartOf":{"@id":"https:\/\/menorcawatertaxi.com\/#website"},"datePublished":"2024-08-01T11:58:34+00:00","description":"Leggi la nostra nota legale per informazioni sull'utilizzo del sito web, sulla protezione dei dati e sulle normative vigenti. Trasparenza garantita.","breadcrumb":{"@id":"https:\/\/menorcawatertaxi.com\/it\/avvertimento-legale\/#breadcrumb"},"inLanguage":"it-IT","potentialAction":[{"@type":"ReadAction","target":["https:\/\/menorcawatertaxi.com\/it\/avvertimento-legale\/"]}]},{"@type":"BreadcrumbList","@id":"https:\/\/menorcawatertaxi.com\/it\/avvertimento-legale\/#breadcrumb","itemListElement":[{"@type":"ListItem","position":1,"name":"Portada","item":"https:\/\/menorcawatertaxi.com\/it\/home\/"},{"@type":"ListItem","position":2,"name":"Avvertimento legale"}]},{"@type":"WebSite","@id":"https:\/\/menorcawatertaxi.com\/#website","url":"https:\/\/menorcawatertaxi.com\/","name":"Menorca Water Taxi","description":"Servicio de trasnlado desde el puerto de Mahon","potentialAction":[{"@type":"SearchAction","target":{"@type":"EntryPoint","urlTemplate":"https:\/\/menorcawatertaxi.com\/?s={search_term_string}"},"query-input":{"@type":"PropertyValueSpecification","valueRequired":true,"valueName":"search_term_string"}}],"inLanguage":"it-IT"}]}},"_links":{"self":[{"href":"https:\/\/menorcawatertaxi.com\/it\/wp-json\/wp\/v2\/pages\/806","targetHints":{"allow":["GET"]}}],"collection":[{"href":"https:\/\/menorcawatertaxi.com\/it\/wp-json\/wp\/v2\/pages"}],"about":[{"href":"https:\/\/menorcawatertaxi.com\/it\/wp-json\/wp\/v2\/types\/page"}],"author":[{"embeddable":true,"href":"https:\/\/menorcawatertaxi.com\/it\/wp-json\/wp\/v2\/users\/1"}],"replies":[{"embeddable":true,"href":"https:\/\/menorcawatertaxi.com\/it\/wp-json\/wp\/v2\/comments?post=806"}],"version-history":[{"count":0,"href":"https:\/\/menorcawatertaxi.com\/it\/wp-json\/wp\/v2\/pages\/806\/revisions"}],"wp:attachment":[{"href":"https:\/\/menorcawatertaxi.com\/it\/wp-json\/wp\/v2\/media?parent=806"}],"curies":[{"name":"wp","href":"https:\/\/api.w.org\/{rel}","templated":true}]}}