{"id":809,"date":"2024-08-01T11:46:22","date_gmt":"2024-08-01T11:46:22","guid":{"rendered":"https:\/\/menorcawatertaxi.com\/termini-e-condizioni\/"},"modified":"2026-04-22T14:33:46","modified_gmt":"2026-04-22T14:33:46","slug":"termini-e-condizioni","status":"publish","type":"page","link":"https:\/\/menorcawatertaxi.com\/it\/termini-e-condizioni\/","title":{"rendered":"Termini e Condizioni"},"content":{"rendered":"\n[et_pb_section fb_built=&#8221;1&#8243; theme_builder_area=&#8221;post_content&#8221; _builder_version=&#8221;4.27.0&#8243; _module_preset=&#8221;default&#8221;][et_pb_row _builder_version=&#8221;4.27.0&#8243; _module_preset=&#8221;default&#8221; theme_builder_area=&#8221;post_content&#8221;][et_pb_column _builder_version=&#8221;4.27.0&#8243; _module_preset=&#8221;default&#8221; type=&#8221;4_4&#8243; theme_builder_area=&#8221;post_content&#8221;][et_pb_text _builder_version=&#8221;4.27.0&#8243; _module_preset=&#8221;default&#8221; theme_builder_area=&#8221;post_content&#8221; hover_enabled=&#8221;0&#8243; sticky_enabled=&#8221;0&#8243; header_font_size=&#8221;36px&#8221; header_text_align=&#8221;center&#8221; header_font=&#8221;DM Sans||||||||&#8221;]<h1>Termini e Condizioni<\/h1>[\/et_pb_text][et_pb_text _builder_version=&#8221;4.27.0&#8243; _module_preset=&#8221;default&#8221; theme_builder_area=&#8221;post_content&#8221; hover_enabled=&#8221;0&#8243; sticky_enabled=&#8221;0&#8243; text_font=&#8221;DM Sans||||||||&#8221;]<p><strong>INFORMAZIONI LEGALI<\/strong><\/p>\n<p>Il presente Avviso Legale stabilisce le informazioni generali che i fornitori di servizi della societ\u00e0 dell&#8217;informazione sono tenuti a rendere disponibili ai consumatori e agli utenti, come previsto dall&#8217;articolo 10 della Legge 34\/2002, dell&#8217;11 luglio, sui servizi della societ\u00e0 dell&#8217;informazione e sul commercio elettronico. Di conseguenza, ti informiamo dei seguenti punti: <\/p>\n<p>Il dominio Internet www.menorcawatertaxi.com \u00e8 concesso in licenza a Menorca Mar Charter &#8211; CIF B87580833 con sede legale a Moll Llevant 96, 0771 Mah\u00f3n e sede legale a Gerifalte 122, 28232 Las Rozas (Madrid).<\/p>\n<p>I prezzi dei servizi e dei prodotti pubblicati sul sito www.menorcawatertaxi.com, che il consumatore e l&#8217;utente possono contrattare, sono comprensivi di IVA.<\/p>\n<p>&nbsp;<\/p>\n<p><strong>UTILIZZO DEL SITO WEB E ACCETTAZIONE<\/strong><\/p>\n<p>Non \u00e8 consentita, per i minori di quattordici anni senza il consenso dei titolari della potest\u00e0 genitoriale o della tutela, l&#8217;attribuzione dello status di utente del presente sito web, ai sensi dell&#8217;art. 8.1 della legge 2016\/679 del 27 aprile 2016 e della LOPDGDD, nel suo art. 7. Il mancato rispetto di tale condizione da parte dell&#8217;utente comporter\u00e0 la cancellazione dei dati forniti. <\/p>\n<p>L&#8217;accesso al sito web conferisce lo status di utente e implica la piena e incondizionata accettazione da parte dell&#8217;utente di tutte le condizioni contenute nel presente Avviso Legale.<\/p>\n<p>Questa pagina ha carattere informativo ed \u00e8 destinata esclusivamente all&#8217;uso personale, con l&#8217;obiettivo di facilitare la conoscenza dei prodotti e dei servizi offerti da parte del pubblico. L&#8217;accesso al sito web \u00e8, in linea di principio, gratuito, fermo restando che la contrattazione di prodotti o servizi attraverso il sito web \u00e8 soggetta a un corrispettivo economico. <\/p>\n<p>Il contenuto del presente avviso sui TERMINI E CONDIZIONI pu\u00f2 essere soggetto a modifiche, pertanto la sua accettazione da parte dell&#8217;utente avverr\u00e0 in relazione all&#8217;Avviso Legale pubblicato da Menorca WATER TAXI nel momento in cui l&#8217;utente accede al sito web. Pertanto, ogni volta che l&#8217;utente accede al sito web, deve leggere attentamente il presente Avviso Legale. <\/p>\n<p>Allo stesso modo, l&#8217;accesso al sito web \u00e8 soggetto a tutti gli avvisi, le condizioni d&#8217;uso e le istruzioni rese note all&#8217;utente da Menorca WATER TAXI che sostituiscono, completano e\/o modificano i presenti TERMINI E CONDIZIONI.<\/p>\n<p>&nbsp;<\/p>\n<p>&nbsp;<\/p>\n<p><strong>CONDIZIONI DI UTILIZZO E VENDITA<\/strong><\/p>\n<p>&nbsp;<\/p>\n<p><strong>TERMINI E CONDIZIONI<\/strong><\/p>\n<p>Questa pagina (insieme ai documenti in essa richiamati) contiene i termini e le condizioni (i &#8220;Termini e Condizioni&#8221;) di acquisto dei prodotti (i &#8220;Servizi&#8221;) presenti sul nostro sito web www.menorcawatertaxi.com. (il &#8220;Sito&#8221;). <\/p>\n<p>Si prega di leggere attentamente i presenti termini e condizioni prima di utilizzare i servizi di Menorca WATER TAXI o di effettuare qualsiasi acquisto. L&#8217;inoltro di un ordine implica l&#8217;accettazione dei presenti Termini e Condizioni. I Termini e le Condizioni sono disponibili in ogni momento su questa pagina.  <\/p>\n<p>&nbsp;<\/p>\n<ol>\n<li>Propriet\u00e0 del dominio www.menorcawatertaxi.com<\/li>\n<\/ol>\n<p>Il dominio www.menorcawatertaxi.com \u00e8 gestito in virt\u00f9 di una licenza concessa a Menorca Mar Charter &#8211; CIF B87580833 con sede legale a Moll Llevant 96, 0771 Mah\u00f3n e sede legale a Gerifalte 122, 28232 Las Rozas (Madrid).<\/p>\n<p>Puoi contattarci per commenti o suggerimenti all&#8217;indirizzo e-mail info@menorcawatertaxi.com.<\/p>\n<p>&nbsp;<\/p>\n<ol start=\"2\">\n<li>Oggetto e ambito di applicazione<\/li>\n<\/ol>\n<p>Le presenti condizioni generali hanno lo scopo di disciplinare i contenuti e i servizi offerti ai clienti che visitano o acquistano sul sito web www.menorcawatertaxi.com, e i rapporti che si instaurano tra questi e il gestore del dominio, Menorca WATER TAXI o quei terzi che, attraverso i corrispondenti contratti di licenza d&#8217;uso, utilizzano il portale per relazionarsi con i clienti finali.<\/p>\n<p>I presenti Termini e Condizioni si applicano in via preferenziale, con esclusione di tutti gli altri, a tutte le transazioni commerciali relative ai prodotti e ai servizi offerti sul sito web www.menorcawatertaxi.com.<\/p>\n<p>La lingua in cui verr\u00e0 redatto il contratto tra Menorca WATER TAXI e il cliente \u00e8 lo spagnolo.<\/p>\n<p>&nbsp;<\/p>\n<ol start=\"3\">\n<li>Comunicazioni tra le parti<\/li>\n<\/ol>\n<p>Il cliente accetta come valide le notifiche e le comunicazioni che Menorca WATER TAXI pu\u00f2 inviare per via elettronica agli indirizzi o ai numeri di telefono indicati al momento dell&#8217;apertura del conto cliente o dell&#8217;ordine.<\/p>\n<p>A tal fine, tali comunicazioni elettroniche avranno piena efficacia come se fossero state effettuate in forma scritta, a meno che non sia richiesto diversamente dalla legge.<\/p>\n<p>&nbsp;<\/p>\n<ol start=\"4\">\n<li>Copyright, diritti di propriet\u00e0 intellettuale e diritti di database<\/li>\n<\/ol>\n<p>I presenti Termini e Condizioni sono propriet\u00e0 intellettuale di Menorca WATER TAXI e non possono essere utilizzati in tutto o in parte per qualsiasi scopo commerciale senza il nostro preventivo consenso scritto.<\/p>\n<p>Tutti i contenuti del negozio online (compresi immagini, testi, design delle pagine, loghi, icone dei pulsanti, software o processi, ecc.) sono protetti dalla legislazione sui diritti di propriet\u00e0 intellettuale, sui diritti d&#8217;autore e sui diritti delle banche dati e non possono essere riprodotti, duplicati, copiati, venduti, rivenduti o sfruttati in alcun modo a fini commerciali, senza la previa autorizzazione esplicita di Menorca WATER TAXI o dei terzi proprietari degli stessi.<\/p>\n<p>L&#8217;uso illegale di questi strumenti sar\u00e0 perseguito penalmente.<\/p>\n<p>&nbsp;<\/p>\n<ol start=\"5\">\n<li>La nostra responsabilit\u00e0<\/li>\n<\/ol>\n<p>Il sito web www.menorcawatertaxi.com vende prodotti validi ai sensi della legge spagnola, declinando ogni responsabilit\u00e0 derivante dalla legislazione applicabile nei paesi al di fuori della Spagna in cui vengono inviati in base all&#8217;ordine del cliente, che si assume la responsabilit\u00e0 di verificare la possibilit\u00e0 della loro importazione e del loro utilizzo in tali territori.<\/p>\n<p>Ci impegniamo a fare del nostro meglio per garantire la disponibilit\u00e0, nei limiti derivanti dalla natura stessa del commercio elettronico, a distanza e non di persona, di tutti i prodotti e servizi offerti sul sito web, con un impegno di diligenza ed efficienza.<\/p>\n<p>Non ci assumiamo alcuna responsabilit\u00e0 per (i) perdite derivanti da circostanze non attribuibili alla nostra diretta violazione dei presenti termini e condizioni, (ii) delusione delle aspettative soggettive del cliente, (iii) perdite commerciali (inclusa la perdita di profitti, di vendite o ricavi effettivi o previsti, la mancanza di liquidit\u00e0 o di ritorno sul capitale, gli affari con terzi, la reputazione, l&#8217;avviamento o il goodwill, ecc.) e (iiii) perdite indirette o consequenziali.   <\/p>\n<p>Allo stesso modo, Menorca WATER TAXI non sar\u00e0 responsabile per i ritardi o il mancato rispetto dei nostri obblighi qui previsti quando questi sono dovuti a cause che sfuggono completamente al nostro controllo o sforzo diligente.<\/p>\n<p>&nbsp;<\/p>\n<ol start=\"6\">\n<li>Obblighi del cliente o dell&#8217;utente<\/li>\n<\/ol>\n<p>Quando il cliente usufruisce di un servizio di Menorca WATER TAXI, \u00e8 soggetto alle presenti condizioni generali e alle condizioni specifiche di tale servizio. In particolare, l&#8217;inoltro di un ordine implica l&#8217;accettazione giuridicamente vincolante di tali termini e condizioni. <\/p>\n<p>Allo stesso modo, nel momento in cui effettua un Ordine sul nostro sito web, il cliente assicura di avere almeno 18 anni di et\u00e0, di avere la capacit\u00e0 giuridica sufficiente per contrattare in territorio spagnolo e la veridicit\u00e0 dei dati forniti per la corretta gestione del suo ordine.<\/p>\n<p>Il cliente si impegna a fornire informazioni complete e veritiere sui suoi dati personali, necessarie per elaborare le sue richieste d&#8217;ordine in condizioni adeguate. Si impegna inoltre a comunicarci immediatamente qualsiasi modifica di tali dati non appena si verifichi. <\/p>\n<p>Il cliente \u00e8 tenuto a garantire, con tutti i mezzi ragionevoli a sua disposizione, la sicurezza delle password, delle coordinate bancarie e di altri dati confidenziali di natura sensibile del suo conto cliente, evitando diligentemente l&#8217;accesso ad essi da parte di terzi, senza che Menorca WATER TAXI possa essere ritenuta responsabile di eventuali danni o perdite derivanti da un uso improprio degli stessi, che saranno a carico del cliente.<\/p>\n<p>Il cliente \u00e8 tenuto a comunicare immediatamente a Menorca WATER TAXI qualsiasi furto o appropriazione fraudolenta di tali dati da parte di terzi, o il ragionevole sospetto che ci\u00f2 sia avvenuto o possa avvenire.<\/p>\n<p>Il cliente dovr\u00e0 sostenere eventuali costi aggiuntivi derivanti dall&#8217;inesattezza dei dati di consegna forniti o dal mancato ricevimento o ritiro dei prodotti regolarmente consegnati.<\/p>\n<p>&nbsp;<\/p>\n<ol start=\"7\">\n<li>Acquista sul sito www.menorcawatertaxi.com<\/li>\n<\/ol>\n<p>Per poter effettuare un acquisto sul sito web, il cliente deve compilare correttamente il modulo elettronico disponibile sul sito web, secondo le istruzioni ivi riportate.<\/p>\n<p>Tutti i prezzi sono comprensivi di IVA, a meno che la legge non richieda una forma di presentazione diversa.<\/p>\n<p>Tutti i servizi richiedono l&#8217;accettazione dei prezzi e delle caratteristiche dei servizi indicati nella tua scheda di vendita.<\/p>\n<p>La convalida dell&#8217;acquisto implica la piena conoscenza e accettazione dei presenti termini e condizioni generali, nonch\u00e9 la conformit\u00e0 al servizio e alle sue caratteristiche e al prezzo.<\/p>\n<p>&nbsp;<\/p>\n<ol start=\"8\">\n<li>Presentazione e disponibilit\u00e0 dei prodotti\/servizi<\/li>\n<\/ol>\n<p>Menorca WATER TAXI si impegna a garantire che i servizi siano mostrati e descritti nel modo pi\u00f9 accurato possibile.<\/p>\n<p>In caso di errori o omissioni nella presentazione, Menorca WATER TAXI non si assume alcuna responsabilit\u00e0.<\/p>\n<p>&nbsp;<\/p>\n<p>Le fotografie che illustrano e completano il testo descrittivo dei servizi non fanno parte dell&#8217;ambito contrattuale.<\/p>\n<p>&nbsp;<\/p>\n<ol start=\"9\">\n<li>Contratto di servizio<\/li>\n<\/ol>\n<p>Conferma della prenotazione<\/p>\n<p>Una volta completato il processo di prenotazione e il relativo pagamento, riceverai una conferma digitale della prenotazione via e-mail all&#8217;indirizzo di posta elettronica fornito al momento della registrazione. Questa conferma servir\u00e0 come prova della tua prenotazione. <\/p>\n<p>&nbsp;<\/p>\n<p>Problemi di consegna<\/p>\n<p>In caso di problemi nella ricezione o nell&#8217;accesso alla tua prenotazione digitale, contatta il nostro team di supporto all&#8217;indirizzo info@menorcawatertaxi.com o 606501111 per ricevere assistenza. Ci impegniamo a risolvere qualsiasi problema nel pi\u00f9 breve tempo possibile.<\/p>\n<p>&nbsp;<\/p>\n<ol start=\"10\">\n<li>Rimborsi e cancellazioni<\/li>\n<\/ol>\n<p>Cancellazioni da parte dell&#8217;Utente<\/p>\n<p>Prima della data del servizio: le cancellazioni effettuate pi\u00f9 di 7 giorni prima della data del servizio digitale prenotato saranno rimborsate per intero.<\/p>\n<p>Entro il termine stabilito: le cancellazioni effettuate entro 7 giorni prima della data del servizio digitale prenotato possono essere soggette a una commissione di rimborso del 7%.<\/p>\n<p>Il giorno del servizio o dopo: le cancellazioni effettuate il giorno del servizio o dopo non saranno rimborsate.<\/p>\n<p>&nbsp;<\/p>\n<p>I rimborsi saranno effettuati utilizzando lo stesso metodo di pagamento usato per l&#8217;acquisto originale.<\/p>\n<p>&nbsp;<\/p>\n<p>Processo di cancellazione<\/p>\n<p>Per cancellare una prenotazione, l&#8217;utente deve contattare il nostro team di assistenza all&#8217;indirizzo info@menorcawatertaxi.com o 606501111, fornendo i dati della prenotazione e il motivo della cancellazione.<\/p>\n<p>&nbsp;<\/p>\n<p>Eccezioni e considerazioni speciali<\/p>\n<p>Eventi o servizi speciali: alcune prenotazioni per eventi speciali, promozioni o servizi specifici possono essere soggette a politiche di cancellazione e rimborso diverse, che verranno comunicate al momento della prenotazione.<\/p>\n<p>Circostanze eccezionali: in caso di forza maggiore o di circostanze impreviste che impediscono la fornitura del servizio prenotato, le richieste di rimborso saranno valutate su base individuale.<\/p>\n<p>&nbsp;<\/p>\n<ol start=\"11\">\n<li>Metodi di pagamento<\/li>\n<\/ol>\n<p>Ci impegniamo a offrirti un&#8217;esperienza di acquisto comoda e sicura, per questo accettiamo i seguenti metodi di pagamento:<\/p>\n<p>&nbsp;<\/p>\n<ul>\n<li>Carta di credito<\/li>\n<\/ul>\n<p>&nbsp;<\/p>\n<ol start=\"12\">\n<li>Diritto di recesso<\/li>\n<\/ol>\n<p>Il cliente pu\u00f2 recedere dall&#8217;ordine effettuato, senza fornire alcuna motivazione, entro 15 giorni di calendario dal giorno in cui l&#8217;ultimo dei beni \u00e8 stato ricevuto dal cliente o da un terzo diverso dal vettore e indicato dal cliente.<\/p>\n<p>Per esercitare il diritto di recesso, il cliente deve comunicare la sua decisione di recedere dal contratto mediante una dichiarazione inequivocabile (ad esempio, una lettera inviata per posta o un&#8217;e-mail). Per rispettare il periodo di recesso, \u00e8 sufficiente che la comunicazione relativa all&#8217;esercizio del diritto di recesso da parte del cliente sia inviata prima della scadenza del periodo di recesso. <\/p>\n<p>Effetti del recesso. In caso di recesso da parte tua, procederemo al rimborso dei pagamenti da te effettuati, compresi i costi di consegna &#8211; se acquisti dalle Isole Baleari &#8211; senza indebito ritardo e, in ogni caso, non oltre 15 giorni dalla data in cui siamo informati della tua decisione di recedere dal presente contratto. Procederemo a effettuare il rimborso sulla carta utilizzata per la transazione dopo aver verificato le condizioni del prodotto.  <\/p>\n<p>Ti ricordiamo che dovrai restituire la merce seguendo le istruzioni di cui sopra entro 15 giorni dal giorno in cui ci hai comunicato il tuo recesso.<\/p>\n<p>&nbsp;<\/p>\n<ol start=\"13\">\n<li>Legge applicabile. Giurisdizione <\/li>\n<\/ol>\n<p>Le presenti condizioni sono state formulate in conformit\u00e0 alle disposizioni dei Codici Civile e Commerciale, della Legge 7\/1996 del 15 gennaio 1996 sulla regolamentazione del commercio al dettaglio, della Legge 7\/1998 del 13 aprile 1998 sulle condizioni generali di contratto e della Legge 7\/1995 del 23 marzo 1995 sul credito al consumo. Questi termini e condizioni, insieme a quelli contenuti nella parte principale del presente Modulo d&#8217;Ordine, costituiscono il presente contratto. <\/p>\n<p>Sono garantiti tutti i diritti che le leggi vigenti riconoscono ai consumatori e agli utenti.<\/p>\n<p>Le presenti condizioni sono regolate dalla legge spagnola. In caso di controversie derivanti dalle presenti condizioni, per la risoluzione dei conflitti le parti si rimettono alle Corti e ai Tribunali previsti dalle norme giuridiche applicabili in materia di giurisdizione competente, in cui, nel caso di consumatori finali, si tiene conto del luogo di adempimento dell&#8217;obbligazione o del domicilio della parte acquirente. <\/p>\n<p>In caso di compravendita da parte di una societ\u00e0, entrambe le parti rinunciano espressamente a qualsiasi altra giurisdizione e si sottopongono alle Corti e ai Tribunali corrispondenti.<\/p>\n<p>&nbsp;<\/p>\n<ol start=\"14\">\n<li>Modifica delle condizioni di vendita<\/li>\n<\/ol>\n<p>Menorca WATER TAXI si riserva il diritto di apportare modifiche al proprio sito web, alle proprie politiche e ai propri termini e condizioni, incluse le presenti Condizioni di Vendita, in qualsiasi momento.<\/p>\n<p>L&#8217;utente sar\u00e0 vincolato ai termini e alle condizioni, alle politiche e alle Condizioni di Vendita in vigore al momento dell&#8217;invio dell&#8217;ordine, a meno che, per legge o per richiesta delle autorit\u00e0 pubbliche, non sia necessario apportare una modifica a tali termini e condizioni, politiche o alle presenti Condizioni di Vendita (nel qual caso, tali modifiche potranno essere applicate a qualsiasi ordine effettuato in precedenza).<\/p>\n<p>Se una qualsiasi delle presenti condizioni \u00e8 dichiarata non valida, nulla o per qualsiasi motivo inapplicabile, tale condizione sar\u00e0 considerata esclusa senza che tale dichiarazione influisca sulla validit\u00e0 o sull&#8217;applicabilit\u00e0 delle restanti condizioni.<\/p>[\/et_pb_text][\/et_pb_column][\/et_pb_row][\/et_pb_section]\n","protected":false},"excerpt":{"rendered":"<p>Termini e CondizioniINFORMAZIONI LEGALI Il presente Avviso Legale stabilisce le informazioni generali che i fornitori di servizi della societ\u00e0 dell&#8217;informazione sono tenuti a rendere disponibili ai consumatori e agli utenti, come previsto dall&#8217;articolo 10 della Legge 34\/2002, dell&#8217;11 luglio, sui servizi della societ\u00e0 dell&#8217;informazione e sul commercio elettronico. Di conseguenza, ti informiamo dei seguenti punti: [&hellip;]<\/p>\n","protected":false},"author":1,"featured_media":0,"parent":0,"menu_order":0,"comment_status":"closed","ping_status":"closed","template":"","meta":{"_et_pb_use_builder":"on","_et_pb_old_content":"","_et_gb_content_width":"","footnotes":""},"class_list":["post-809","page","type-page","status-publish","hentry"],"yoast_head":"<!-- This site is optimized with the Yoast SEO plugin v27.4 - https:\/\/yoast.com\/product\/yoast-seo-wordpress\/ -->\n<title>Termini e condizioni : Taxi nautico di Minorca<\/title>\n<meta name=\"description\" content=\"Scopri le nostre politiche di acquisto, cancellazione e rimborso. Leggi i termini e le condizioni di utilizzo dei nostri servizi.\" \/>\n<meta name=\"robots\" content=\"index, follow, max-snippet:-1, max-image-preview:large, max-video-preview:-1\" \/>\n<link rel=\"canonical\" href=\"https:\/\/menorcawatertaxi.com\/it\/termini-e-condizioni\/\" \/>\n<meta property=\"og:locale\" content=\"it_IT\" \/>\n<meta property=\"og:type\" content=\"article\" \/>\n<meta property=\"og:title\" content=\"Termini e condizioni : Taxi nautico di Minorca\" \/>\n<meta property=\"og:description\" content=\"Scopri le nostre politiche di acquisto, cancellazione e rimborso. Leggi i termini e le condizioni di utilizzo dei nostri servizi.\" \/>\n<meta property=\"og:url\" content=\"https:\/\/menorcawatertaxi.com\/it\/termini-e-condizioni\/\" \/>\n<meta property=\"og:site_name\" content=\"Menorca Water Taxi\" \/>\n<meta property=\"article:modified_time\" content=\"2026-04-22T14:33:46+00:00\" \/>\n<meta name=\"twitter:card\" content=\"summary_large_image\" \/>\n<meta name=\"twitter:label1\" content=\"Tempo di lettura stimato\" \/>\n\t<meta name=\"twitter:data1\" content=\"12 minuti\" \/>\n<script type=\"application\/ld+json\" class=\"yoast-schema-graph\">{\"@context\":\"https:\\\/\\\/schema.org\",\"@graph\":[{\"@type\":\"WebPage\",\"@id\":\"https:\\\/\\\/menorcawatertaxi.com\\\/it\\\/termini-e-condizioni\\\/\",\"url\":\"https:\\\/\\\/menorcawatertaxi.com\\\/it\\\/termini-e-condizioni\\\/\",\"name\":\"Termini e condizioni : Taxi nautico di Minorca\",\"isPartOf\":{\"@id\":\"https:\\\/\\\/menorcawatertaxi.com\\\/#website\"},\"datePublished\":\"2024-08-01T11:46:22+00:00\",\"dateModified\":\"2026-04-22T14:33:46+00:00\",\"description\":\"Scopri le nostre politiche di acquisto, cancellazione e rimborso. Leggi i termini e le condizioni di utilizzo dei nostri servizi.\",\"breadcrumb\":{\"@id\":\"https:\\\/\\\/menorcawatertaxi.com\\\/it\\\/termini-e-condizioni\\\/#breadcrumb\"},\"inLanguage\":\"it-IT\",\"potentialAction\":[{\"@type\":\"ReadAction\",\"target\":[\"https:\\\/\\\/menorcawatertaxi.com\\\/it\\\/termini-e-condizioni\\\/\"]}]},{\"@type\":\"BreadcrumbList\",\"@id\":\"https:\\\/\\\/menorcawatertaxi.com\\\/it\\\/termini-e-condizioni\\\/#breadcrumb\",\"itemListElement\":[{\"@type\":\"ListItem\",\"position\":1,\"name\":\"Portada\",\"item\":\"https:\\\/\\\/menorcawatertaxi.com\\\/it\\\/home\\\/\"},{\"@type\":\"ListItem\",\"position\":2,\"name\":\"Termini e Condizioni\"}]},{\"@type\":\"WebSite\",\"@id\":\"https:\\\/\\\/menorcawatertaxi.com\\\/#website\",\"url\":\"https:\\\/\\\/menorcawatertaxi.com\\\/\",\"name\":\"Menorca Water Taxi\",\"description\":\"Servicio de trasnlado desde el puerto de Mahon\",\"potentialAction\":[{\"@type\":\"SearchAction\",\"target\":{\"@type\":\"EntryPoint\",\"urlTemplate\":\"https:\\\/\\\/menorcawatertaxi.com\\\/?s={search_term_string}\"},\"query-input\":{\"@type\":\"PropertyValueSpecification\",\"valueRequired\":true,\"valueName\":\"search_term_string\"}}],\"inLanguage\":\"it-IT\"}]}<\/script>\n<!-- \/ Yoast SEO plugin. -->","yoast_head_json":{"title":"Termini e condizioni : Taxi nautico di Minorca","description":"Scopri le nostre politiche di acquisto, cancellazione e rimborso. Leggi i termini e le condizioni di utilizzo dei nostri servizi.","robots":{"index":"index","follow":"follow","max-snippet":"max-snippet:-1","max-image-preview":"max-image-preview:large","max-video-preview":"max-video-preview:-1"},"canonical":"https:\/\/menorcawatertaxi.com\/it\/termini-e-condizioni\/","og_locale":"it_IT","og_type":"article","og_title":"Termini e condizioni : Taxi nautico di Minorca","og_description":"Scopri le nostre politiche di acquisto, cancellazione e rimborso. Leggi i termini e le condizioni di utilizzo dei nostri servizi.","og_url":"https:\/\/menorcawatertaxi.com\/it\/termini-e-condizioni\/","og_site_name":"Menorca Water Taxi","article_modified_time":"2026-04-22T14:33:46+00:00","twitter_card":"summary_large_image","twitter_misc":{"Tempo di lettura stimato":"12 minuti"},"schema":{"@context":"https:\/\/schema.org","@graph":[{"@type":"WebPage","@id":"https:\/\/menorcawatertaxi.com\/it\/termini-e-condizioni\/","url":"https:\/\/menorcawatertaxi.com\/it\/termini-e-condizioni\/","name":"Termini e condizioni : Taxi nautico di Minorca","isPartOf":{"@id":"https:\/\/menorcawatertaxi.com\/#website"},"datePublished":"2024-08-01T11:46:22+00:00","dateModified":"2026-04-22T14:33:46+00:00","description":"Scopri le nostre politiche di acquisto, cancellazione e rimborso. Leggi i termini e le condizioni di utilizzo dei nostri servizi.","breadcrumb":{"@id":"https:\/\/menorcawatertaxi.com\/it\/termini-e-condizioni\/#breadcrumb"},"inLanguage":"it-IT","potentialAction":[{"@type":"ReadAction","target":["https:\/\/menorcawatertaxi.com\/it\/termini-e-condizioni\/"]}]},{"@type":"BreadcrumbList","@id":"https:\/\/menorcawatertaxi.com\/it\/termini-e-condizioni\/#breadcrumb","itemListElement":[{"@type":"ListItem","position":1,"name":"Portada","item":"https:\/\/menorcawatertaxi.com\/it\/home\/"},{"@type":"ListItem","position":2,"name":"Termini e Condizioni"}]},{"@type":"WebSite","@id":"https:\/\/menorcawatertaxi.com\/#website","url":"https:\/\/menorcawatertaxi.com\/","name":"Menorca Water Taxi","description":"Servicio de trasnlado desde el puerto de Mahon","potentialAction":[{"@type":"SearchAction","target":{"@type":"EntryPoint","urlTemplate":"https:\/\/menorcawatertaxi.com\/?s={search_term_string}"},"query-input":{"@type":"PropertyValueSpecification","valueRequired":true,"valueName":"search_term_string"}}],"inLanguage":"it-IT"}]}},"_links":{"self":[{"href":"https:\/\/menorcawatertaxi.com\/it\/wp-json\/wp\/v2\/pages\/809","targetHints":{"allow":["GET"]}}],"collection":[{"href":"https:\/\/menorcawatertaxi.com\/it\/wp-json\/wp\/v2\/pages"}],"about":[{"href":"https:\/\/menorcawatertaxi.com\/it\/wp-json\/wp\/v2\/types\/page"}],"author":[{"embeddable":true,"href":"https:\/\/menorcawatertaxi.com\/it\/wp-json\/wp\/v2\/users\/1"}],"replies":[{"embeddable":true,"href":"https:\/\/menorcawatertaxi.com\/it\/wp-json\/wp\/v2\/comments?post=809"}],"version-history":[{"count":1,"href":"https:\/\/menorcawatertaxi.com\/it\/wp-json\/wp\/v2\/pages\/809\/revisions"}],"predecessor-version":[{"id":813,"href":"https:\/\/menorcawatertaxi.com\/it\/wp-json\/wp\/v2\/pages\/809\/revisions\/813"}],"wp:attachment":[{"href":"https:\/\/menorcawatertaxi.com\/it\/wp-json\/wp\/v2\/media?parent=809"}],"curies":[{"name":"wp","href":"https:\/\/api.w.org\/{rel}","templated":true}]}}